{"id":48197,"date":"2025-07-22T10:30:06","date_gmt":"2025-07-22T14:30:06","guid":{"rendered":"https:\/\/edyka.org\/produit\/tout-le-programme-de-svt-en-video\/"},"modified":"2025-07-22T10:30:06","modified_gmt":"2025-07-22T14:30:06","slug":"tout-le-programme-de-svt-en-video","status":"publish","type":"product","link":"https:\/\/edyka.org\/en\/produit\/tout-le-programme-de-svt-en-video\/","title":{"rendered":"Tout le programme de SVT en vid\u00e9o"},"content":{"rendered":"<p><a href=\"https:\/\/www.youtube.com\/channel\/UCNXhHwGBMZoTVvJCNx9rGow\/featured\" rel=\"nofollow\">https:\/\/www.youtube.com\/channel\/UCNXhHwGBMZoTVvJCNx9rGow\/featured<\/a><\/p>\n","protected":false},"excerpt":{"rendered":"<p>Tout le programme de SVT en vid\u00e9o : Mathieu Rajchenbach, enseignant de SVT \u00e0 la cit\u00e9 scolaire Paul Val\u00e9ry de Paris, balaye sur sa cha\u00eene YouTube Mon cours de SVT l\u2019ensemble du programme de la 6\u00e8me \u00e0 la terminale. Ce colossal travail est librement disponible et garantit sans publicit\u00e9. La cha\u00eene Youtube <\/p>\n","protected":false},"featured_media":37654,"template":"","meta":[],"product_brand":[],"product_cat":[1115,1081,1097,1077],"product_tag":[],"class_list":{"0":"post-48197","1":"product","2":"type-product","3":"status-publish","4":"has-post-thumbnail","6":"product_cat-educational","7":"product_cat-french","8":"product_cat-learning","9":"product_cat-text","11":"first","12":"instock","13":"shipping-taxable","14":"product-type-simple"},"jetpack_sharing_enabled":true,"_links":{"self":[{"href":"https:\/\/edyka.org\/en\/wp-json\/wp\/v2\/product\/48197","targetHints":{"allow":["GET"]}}],"collection":[{"href":"https:\/\/edyka.org\/en\/wp-json\/wp\/v2\/product"}],"about":[{"href":"https:\/\/edyka.org\/en\/wp-json\/wp\/v2\/types\/product"}],"wp:featuredmedia":[{"embeddable":true,"href":"https:\/\/edyka.org\/en\/wp-json\/wp\/v2\/media\/37654"}],"wp:attachment":[{"href":"https:\/\/edyka.org\/en\/wp-json\/wp\/v2\/media?parent=48197"}],"wp:term":[{"taxonomy":"product_brand","embeddable":true,"href":"https:\/\/edyka.org\/en\/wp-json\/wp\/v2\/product_brand?post=48197"},{"taxonomy":"product_cat","embeddable":true,"href":"https:\/\/edyka.org\/en\/wp-json\/wp\/v2\/product_cat?post=48197"},{"taxonomy":"product_tag","embeddable":true,"href":"https:\/\/edyka.org\/en\/wp-json\/wp\/v2\/product_tag?post=48197"}],"curies":[{"name":"wp","href":"https:\/\/api.w.org\/{rel}","templated":true}]}}