{"id":48196,"date":"2025-07-22T10:30:07","date_gmt":"2025-07-22T14:30:07","guid":{"rendered":"https:\/\/edyka.org\/produit\/lexibar\/"},"modified":"2025-07-22T10:30:07","modified_gmt":"2025-07-22T14:30:07","slug":"lexibar","status":"publish","type":"product","link":"https:\/\/edyka.org\/en\/produit\/lexibar\/","title":{"rendered":"Lexibar"},"content":{"rendered":"<p><a href=\"https:\/\/www.lexibar.ca\/ca\/fr\/\" rel=\"nofollow\">https:\/\/www.lexibar.ca\/ca\/fr\/<\/a><\/p>\n","protected":false},"excerpt":{"rendered":"<p>Un logiciel offrant une barre d&#8217;outils avec des pictogrammes et des ressources linguistiques pour soutenir l&#8217;\u00e9largissement du vocabulaire chez les enfants \u00e0 l&#8217;\u00e9cole primaire.\u00a0<\/p>\n","protected":false},"featured_media":37656,"template":"","meta":[],"product_brand":[],"product_cat":[1115,1081,1074,1097,1114],"product_tag":[],"class_list":{"0":"post-48196","1":"product","2":"type-product","3":"status-publish","4":"has-post-thumbnail","6":"product_cat-educational","7":"product_cat-french","8":"product_cat-interactive","9":"product_cat-learning","10":"product_cat-practical","12":"first","13":"instock","14":"shipping-taxable","15":"product-type-simple"},"jetpack_sharing_enabled":true,"_links":{"self":[{"href":"https:\/\/edyka.org\/en\/wp-json\/wp\/v2\/product\/48196","targetHints":{"allow":["GET"]}}],"collection":[{"href":"https:\/\/edyka.org\/en\/wp-json\/wp\/v2\/product"}],"about":[{"href":"https:\/\/edyka.org\/en\/wp-json\/wp\/v2\/types\/product"}],"wp:featuredmedia":[{"embeddable":true,"href":"https:\/\/edyka.org\/en\/wp-json\/wp\/v2\/media\/37656"}],"wp:attachment":[{"href":"https:\/\/edyka.org\/en\/wp-json\/wp\/v2\/media?parent=48196"}],"wp:term":[{"taxonomy":"product_brand","embeddable":true,"href":"https:\/\/edyka.org\/en\/wp-json\/wp\/v2\/product_brand?post=48196"},{"taxonomy":"product_cat","embeddable":true,"href":"https:\/\/edyka.org\/en\/wp-json\/wp\/v2\/product_cat?post=48196"},{"taxonomy":"product_tag","embeddable":true,"href":"https:\/\/edyka.org\/en\/wp-json\/wp\/v2\/product_tag?post=48196"}],"curies":[{"name":"wp","href":"https:\/\/api.w.org\/{rel}","templated":true}]}}