{"id":48194,"date":"2025-07-22T10:30:07","date_gmt":"2025-07-22T14:30:07","guid":{"rendered":"https:\/\/edyka.org\/produit\/apprendre-a-lire-lheure\/"},"modified":"2025-07-22T10:30:07","modified_gmt":"2025-07-22T14:30:07","slug":"apprendre-a-lire-lheure","status":"publish","type":"product","link":"https:\/\/edyka.org\/en\/produit\/apprendre-a-lire-lheure\/","title":{"rendered":"Apprendre \u00e0 lire l&#8217;heure"},"content":{"rendered":"<p><a href=\"https:\/\/play.google.com\/store\/apps\/details?id=com.kidsclocklearning&#038;hl=fr_CA\" rel=\"nofollow\">https:\/\/play.google.com\/store\/apps\/details?id=com.kidsclocklearning&#038;hl=fr_CA<\/a><\/p>\n","protected":false},"excerpt":{"rendered":"<p>Ce jeu math\u00e9matique amusant, engageant et interactif aide les enfants \u00e0 apprendre et \u00e0 mieux comprendre comment lire l&#8217;heure\u00a0! Cette application d&#8217;apprentissage de l&#8217;horloge con\u00e7ue pour les enfants aidera les enfants d&#8217;\u00e2ge pr\u00e9scolaire, les jardins d&#8217;enfants et les \u00e9l\u00e8ves du primaire \u00e0 apprendre \u00e0 lire une horloge et \u00e0 lire l&#8217;heure.<\/p>\n","protected":false},"featured_media":37654,"template":"","meta":[],"product_brand":[],"product_cat":[1115,1081,1074,1097],"product_tag":[],"class_list":{"0":"post-48194","1":"product","2":"type-product","3":"status-publish","4":"has-post-thumbnail","6":"product_cat-educational","7":"product_cat-french","8":"product_cat-interactive","9":"product_cat-learning","11":"first","12":"instock","13":"shipping-taxable","14":"product-type-simple"},"jetpack_sharing_enabled":true,"_links":{"self":[{"href":"https:\/\/edyka.org\/en\/wp-json\/wp\/v2\/product\/48194","targetHints":{"allow":["GET"]}}],"collection":[{"href":"https:\/\/edyka.org\/en\/wp-json\/wp\/v2\/product"}],"about":[{"href":"https:\/\/edyka.org\/en\/wp-json\/wp\/v2\/types\/product"}],"wp:featuredmedia":[{"embeddable":true,"href":"https:\/\/edyka.org\/en\/wp-json\/wp\/v2\/media\/37654"}],"wp:attachment":[{"href":"https:\/\/edyka.org\/en\/wp-json\/wp\/v2\/media?parent=48194"}],"wp:term":[{"taxonomy":"product_brand","embeddable":true,"href":"https:\/\/edyka.org\/en\/wp-json\/wp\/v2\/product_brand?post=48194"},{"taxonomy":"product_cat","embeddable":true,"href":"https:\/\/edyka.org\/en\/wp-json\/wp\/v2\/product_cat?post=48194"},{"taxonomy":"product_tag","embeddable":true,"href":"https:\/\/edyka.org\/en\/wp-json\/wp\/v2\/product_tag?post=48194"}],"curies":[{"name":"wp","href":"https:\/\/api.w.org\/{rel}","templated":true}]}}