{"id":48190,"date":"2025-07-22T10:30:09","date_gmt":"2025-07-22T14:30:09","guid":{"rendered":"https:\/\/edyka.org\/produit\/rush-hour\/"},"modified":"2025-07-22T10:30:09","modified_gmt":"2025-07-22T14:30:09","slug":"rush-hour","status":"publish","type":"product","link":"https:\/\/edyka.org\/en\/produit\/rush-hour\/","title":{"rendered":"Rush Hour"},"content":{"rendered":"<p><a href=\"https:\/\/www.thinkfun.fr\/fr-FR\/produits\/rush-hour\" rel=\"nofollow\">https:\/\/www.thinkfun.fr\/fr-FR\/produits\/rush-hour<\/a><\/p>\n","protected":false},"excerpt":{"rendered":"<p>Un jeu de r\u00e9flexion o\u00f9 les joueurs doivent d\u00e9placer des v\u00e9hicules dans un embouteillage en utilisant des comp\u00e9tences logiques et spatiales pour r\u00e9soudre les probl\u00e8mes.\u00a0<\/p>\n","protected":false},"featured_media":37666,"template":"","meta":[],"product_brand":[],"product_cat":[1080,1081,1097,1076,1114,1113],"product_tag":[],"class_list":{"0":"post-48190","1":"product","2":"type-product","3":"status-publish","4":"has-post-thumbnail","6":"product_cat-english","7":"product_cat-french","8":"product_cat-learning","9":"product_cat-physical","10":"product_cat-practical","11":"product_cat-youth","13":"first","14":"instock","15":"shipping-taxable","16":"product-type-simple"},"jetpack_sharing_enabled":true,"_links":{"self":[{"href":"https:\/\/edyka.org\/en\/wp-json\/wp\/v2\/product\/48190","targetHints":{"allow":["GET"]}}],"collection":[{"href":"https:\/\/edyka.org\/en\/wp-json\/wp\/v2\/product"}],"about":[{"href":"https:\/\/edyka.org\/en\/wp-json\/wp\/v2\/types\/product"}],"wp:featuredmedia":[{"embeddable":true,"href":"https:\/\/edyka.org\/en\/wp-json\/wp\/v2\/media\/37666"}],"wp:attachment":[{"href":"https:\/\/edyka.org\/en\/wp-json\/wp\/v2\/media?parent=48190"}],"wp:term":[{"taxonomy":"product_brand","embeddable":true,"href":"https:\/\/edyka.org\/en\/wp-json\/wp\/v2\/product_brand?post=48190"},{"taxonomy":"product_cat","embeddable":true,"href":"https:\/\/edyka.org\/en\/wp-json\/wp\/v2\/product_cat?post=48190"},{"taxonomy":"product_tag","embeddable":true,"href":"https:\/\/edyka.org\/en\/wp-json\/wp\/v2\/product_tag?post=48190"}],"curies":[{"name":"wp","href":"https:\/\/api.w.org\/{rel}","templated":true}]}}