{"id":48189,"date":"2025-07-22T10:30:09","date_gmt":"2025-07-22T14:30:09","guid":{"rendered":"https:\/\/edyka.org\/produit\/daisy-consortium\/"},"modified":"2025-07-22T10:30:09","modified_gmt":"2025-07-22T14:30:09","slug":"daisy-consortium","status":"publish","type":"product","link":"https:\/\/edyka.org\/en\/produit\/daisy-consortium\/","title":{"rendered":"DAISY Consortium"},"content":{"rendered":"<blockquote class=\"wp-embedded-content\" data-secret=\"NzOenu5eOI\"><p><a href=\"https:\/\/daisy.org\/\" rel=\"nofollow noopener\" target=\"_blank\">Home<\/a><\/p><\/blockquote>\n<p><iframe class=\"wp-embedded-content\" sandbox=\"allow-scripts\" security=\"restricted\" style=\"position: absolute; visibility: hidden;\" title=\"&#8220;Home&#8221; &#8212; The DAISY Consortium\" src=\"https:\/\/daisy.org\/embed\/#?secret=9JMEnO1LKg#?secret=NzOenu5eOI\" data-secret=\"NzOenu5eOI\" width=\"600\" height=\"338\" frameborder=\"0\" marginwidth=\"0\" marginheight=\"0\" scrolling=\"no\"><\/iframe><\/p>\n","protected":false},"excerpt":{"rendered":"<p>Le DAISY Consortium est une organisation internationale qui promeut l&#8217;acc\u00e8s aux Livre num\u00e9riques pour les personnes ayant des difficult\u00e9s de lecture, notamment les personnes dyslexiques. Ils offrent des ressources et des services pour la production et la distribution de Livre audio adapt\u00e9s.<\/p>\n","protected":false},"featured_media":34930,"template":"","meta":[],"product_brand":[],"product_cat":[1115,1080,1074,1097,1114],"product_tag":[],"class_list":{"0":"post-48189","1":"product","2":"type-product","3":"status-publish","4":"has-post-thumbnail","6":"product_cat-educational","7":"product_cat-english","8":"product_cat-interactive","9":"product_cat-learning","10":"product_cat-practical","12":"first","13":"instock","14":"shipping-taxable","15":"product-type-simple"},"jetpack_sharing_enabled":true,"_links":{"self":[{"href":"https:\/\/edyka.org\/en\/wp-json\/wp\/v2\/product\/48189","targetHints":{"allow":["GET"]}}],"collection":[{"href":"https:\/\/edyka.org\/en\/wp-json\/wp\/v2\/product"}],"about":[{"href":"https:\/\/edyka.org\/en\/wp-json\/wp\/v2\/types\/product"}],"version-history":[{"count":0,"href":"https:\/\/edyka.org\/en\/wp-json\/wp\/v2\/product\/48189\/revisions"}],"wp:featuredmedia":[{"embeddable":true,"href":"https:\/\/edyka.org\/en\/wp-json\/wp\/v2\/media\/34930"}],"wp:attachment":[{"href":"https:\/\/edyka.org\/en\/wp-json\/wp\/v2\/media?parent=48189"}],"wp:term":[{"taxonomy":"product_brand","embeddable":true,"href":"https:\/\/edyka.org\/en\/wp-json\/wp\/v2\/product_brand?post=48189"},{"taxonomy":"product_cat","embeddable":true,"href":"https:\/\/edyka.org\/en\/wp-json\/wp\/v2\/product_cat?post=48189"},{"taxonomy":"product_tag","embeddable":true,"href":"https:\/\/edyka.org\/en\/wp-json\/wp\/v2\/product_tag?post=48189"}],"curies":[{"name":"wp","href":"https:\/\/api.w.org\/{rel}","templated":true}]}}