{"id":48186,"date":"2025-07-22T10:30:10","date_gmt":"2025-07-22T14:30:10","guid":{"rendered":"https:\/\/edyka.org\/produit\/quest-ce-que-lhypersensibilite\/"},"modified":"2025-07-22T10:30:10","modified_gmt":"2025-07-22T14:30:10","slug":"quest-ce-que-lhypersensibilite","status":"publish","type":"product","link":"https:\/\/edyka.org\/en\/produit\/quest-ce-que-lhypersensibilite\/","title":{"rendered":"Qu&#8217;est-ce que l&#8217;hypersensibilit\u00e9?"},"content":{"rendered":"<p><a href=\"https:\/\/www.la-clinique-e-sante.com\/blog\/hypersensibilite\/7-signes-meconnus\" rel=\"nofollow\">https:\/\/www.la-clinique-e-sante.com\/blog\/hypersensibilite\/7-signes-meconnus<\/a><\/p>\n","protected":false},"excerpt":{"rendered":"<p>L&#8217;hypersensibilit\u00e9\u00a0est une caract\u00e9ristique personnelle qui peut \u00eatre assimil\u00e9e \u00e0 un trait de personnalit\u00e9 ou \u00e0 un temp\u00e9rament. S&#8217;il est admis que\u00a0les hypersensibles\u00a0ont une\u00a0sensibilit\u00e9 sensorielle\u00a0particuli\u00e8rement d\u00e9velopp\u00e9e, elles poss\u00e8dent \u00e9galement de nombreuses autres\u00a0comportements\u00a0qui font d&#8217;elles des personnes hors du commun : zoom sur\u00a07 particularit\u00e9s.<\/p>\n","protected":false},"featured_media":37674,"template":"","meta":[],"product_brand":[],"product_cat":[1081,1074,1118,1096],"product_tag":[],"class_list":{"0":"post-48186","1":"product","2":"type-product","3":"status-publish","4":"has-post-thumbnail","6":"product_cat-french","7":"product_cat-interactive","8":"product_cat-popularization","9":"product_cat-sensory-disorders","11":"first","12":"instock","13":"shipping-taxable","14":"product-type-simple"},"jetpack_sharing_enabled":true,"_links":{"self":[{"href":"https:\/\/edyka.org\/en\/wp-json\/wp\/v2\/product\/48186","targetHints":{"allow":["GET"]}}],"collection":[{"href":"https:\/\/edyka.org\/en\/wp-json\/wp\/v2\/product"}],"about":[{"href":"https:\/\/edyka.org\/en\/wp-json\/wp\/v2\/types\/product"}],"wp:featuredmedia":[{"embeddable":true,"href":"https:\/\/edyka.org\/en\/wp-json\/wp\/v2\/media\/37674"}],"wp:attachment":[{"href":"https:\/\/edyka.org\/en\/wp-json\/wp\/v2\/media?parent=48186"}],"wp:term":[{"taxonomy":"product_brand","embeddable":true,"href":"https:\/\/edyka.org\/en\/wp-json\/wp\/v2\/product_brand?post=48186"},{"taxonomy":"product_cat","embeddable":true,"href":"https:\/\/edyka.org\/en\/wp-json\/wp\/v2\/product_cat?post=48186"},{"taxonomy":"product_tag","embeddable":true,"href":"https:\/\/edyka.org\/en\/wp-json\/wp\/v2\/product_tag?post=48186"}],"curies":[{"name":"wp","href":"https:\/\/api.w.org\/{rel}","templated":true}]}}