{"id":48181,"date":"2025-07-22T10:30:11","date_gmt":"2025-07-22T14:30:11","guid":{"rendered":"https:\/\/edyka.org\/produit\/mega-casse-tetes\/"},"modified":"2026-04-10T23:10:25","modified_gmt":"2026-04-11T03:10:25","slug":"mega-casse-tetes","status":"publish","type":"product","link":"https:\/\/edyka.org\/en\/produit\/mega-casse-tetes\/","title":{"rendered":"M\u00e9ga casse-t\u00eates"},"content":{"rendered":"<p><a href=\"https:\/\/bookvillage.app\/produit-m%C3%A9ga-casse-t%C3%AAte-9782092771082-51844\" rel=\"nofollow\">https:\/\/bookvillage.app\/produit-m%C3%A9ga-casse-t%C3%AAte-9782092771082-51844<\/a><\/p>\n","protected":false},"excerpt":{"rendered":"<p>Un livre contenant une multitude de casse-t\u00eates, de jeux de logique et de d\u00e9fis math\u00e9matiques pour stimuler les capacit\u00e9s cognitives des \u00e9l\u00e8ves.<\/p>\n","protected":false},"featured_media":37660,"template":"","meta":[],"product_brand":[],"product_cat":[1101,1081,1083,1076,1113],"product_tag":[],"class_list":{"0":"post-48181","1":"product","2":"type-product","3":"status-publish","4":"has-post-thumbnail","6":"product_cat-enrichment","7":"product_cat-french","8":"product_cat-giftedness","9":"product_cat-physical","10":"product_cat-youth","12":"first","13":"instock","14":"shipping-taxable","15":"product-type-simple"},"jetpack_sharing_enabled":true,"_links":{"self":[{"href":"https:\/\/edyka.org\/en\/wp-json\/wp\/v2\/product\/48181","targetHints":{"allow":["GET"]}}],"collection":[{"href":"https:\/\/edyka.org\/en\/wp-json\/wp\/v2\/product"}],"about":[{"href":"https:\/\/edyka.org\/en\/wp-json\/wp\/v2\/types\/product"}],"wp:featuredmedia":[{"embeddable":true,"href":"https:\/\/edyka.org\/en\/wp-json\/wp\/v2\/media\/37660"}],"wp:attachment":[{"href":"https:\/\/edyka.org\/en\/wp-json\/wp\/v2\/media?parent=48181"}],"wp:term":[{"taxonomy":"product_brand","embeddable":true,"href":"https:\/\/edyka.org\/en\/wp-json\/wp\/v2\/product_brand?post=48181"},{"taxonomy":"product_cat","embeddable":true,"href":"https:\/\/edyka.org\/en\/wp-json\/wp\/v2\/product_cat?post=48181"},{"taxonomy":"product_tag","embeddable":true,"href":"https:\/\/edyka.org\/en\/wp-json\/wp\/v2\/product_tag?post=48181"}],"curies":[{"name":"wp","href":"https:\/\/api.w.org\/{rel}","templated":true}]}}