{"id":48179,"date":"2025-07-22T10:30:12","date_gmt":"2025-07-22T14:30:12","guid":{"rendered":"https:\/\/edyka.org\/produit\/enfants-precoces-enfants-hors-normes\/"},"modified":"2026-04-10T21:04:01","modified_gmt":"2026-04-11T01:04:01","slug":"enfants-precoces-enfants-hors-normes","status":"publish","type":"product","link":"https:\/\/edyka.org\/en\/produit\/enfants-precoces-enfants-hors-normes\/","title":{"rendered":"Enfants pr\u00e9coces, enfants hors normes"},"content":{"rendered":"<p><a href=\"https:\/\/www.editions-tredaniel.com\/enfants-precoces-enfants-hors-normes-p-3597.html\" rel=\"nofollow\">https:\/\/www.editions-tredaniel.com\/enfants-precoces-enfants-hors-normes-p-3597.html<\/a><\/p>\n","protected":false},"excerpt":{"rendered":"<p>&#8220;Enfants pr\u00e9coces, enfants hors normes&#8221; est un livre qui traite des enfants pr\u00e9coces et des enfants ayant des talents exceptionnels. Il explique comment ces enfants peuvent \u00eatre diff\u00e9rents des autres enfants de leur \u00e2ge en termes de d\u00e9veloppement cognitif, \u00e9motionnel et social. Le livre propose des strat\u00e9gies pour aider ces enfants \u00e0 atteindre leur potentiel et \u00e0 s&#8217;adapter \u00e0 leur environnement. Il s&#8217;adresse aux parents, aux enseignants et aux professionnels de la sant\u00e9 qui cherchent \u00e0 comprendre et \u00e0 soutenir les enfants pr\u00e9coces ou les enfants hors normes.<\/p>\n","protected":false},"featured_media":27649,"template":"","meta":[],"product_brand":[],"product_cat":[1081,1083,1118,1117,1077],"product_tag":[],"class_list":{"0":"post-48179","1":"product","2":"type-product","3":"status-publish","4":"has-post-thumbnail","6":"product_cat-french","7":"product_cat-giftedness","8":"product_cat-popularization","9":"product_cat-testimonial","10":"product_cat-text","12":"first","13":"instock","14":"shipping-taxable","15":"product-type-simple"},"jetpack_sharing_enabled":true,"_links":{"self":[{"href":"https:\/\/edyka.org\/en\/wp-json\/wp\/v2\/product\/48179","targetHints":{"allow":["GET"]}}],"collection":[{"href":"https:\/\/edyka.org\/en\/wp-json\/wp\/v2\/product"}],"about":[{"href":"https:\/\/edyka.org\/en\/wp-json\/wp\/v2\/types\/product"}],"wp:featuredmedia":[{"embeddable":true,"href":"https:\/\/edyka.org\/en\/wp-json\/wp\/v2\/media\/27649"}],"wp:attachment":[{"href":"https:\/\/edyka.org\/en\/wp-json\/wp\/v2\/media?parent=48179"}],"wp:term":[{"taxonomy":"product_brand","embeddable":true,"href":"https:\/\/edyka.org\/en\/wp-json\/wp\/v2\/product_brand?post=48179"},{"taxonomy":"product_cat","embeddable":true,"href":"https:\/\/edyka.org\/en\/wp-json\/wp\/v2\/product_cat?post=48179"},{"taxonomy":"product_tag","embeddable":true,"href":"https:\/\/edyka.org\/en\/wp-json\/wp\/v2\/product_tag?post=48179"}],"curies":[{"name":"wp","href":"https:\/\/api.w.org\/{rel}","templated":true}]}}