{"id":48171,"date":"2025-07-22T10:30:32","date_gmt":"2025-07-22T14:30:32","guid":{"rendered":"https:\/\/edyka.org\/produit\/des-sketches-a-lire-et-a-jouer-5-8-ans\/"},"modified":"2025-07-22T10:30:32","modified_gmt":"2025-07-22T14:30:32","slug":"des-sketches-a-lire-et-a-jouer-5-8-ans","status":"publish","type":"product","link":"https:\/\/edyka.org\/en\/produit\/des-sketches-a-lire-et-a-jouer-5-8-ans\/","title":{"rendered":"Des sketches \u00e0 lire et \u00e0 jouer 5-8 ans&#8221;"},"content":{"rendered":"<p><a href=\"https:\/\/iletait1fois.ca\/products\/des-sketches-a-lire-et-a-jouer-5-8-ans?srsltid=AfmBOoq6VojCMTVv_ptqHU-B78EfkYt_H-7hLPaMlWIoZ7BJMhuyG0C8\" rel=\"nofollow noopener\" target=\"_blank\">Des sketches \u00e0 lire et \u00e0 jouer &#8211; 5\/8 ans<\/a><\/p>\n","protected":false},"excerpt":{"rendered":"<p>Ces petits sketches offrent aux jeunes enfants, outre le plaisir toujours renouvel\u00e9 de jouer la com\u00e9die, un v\u00e9ritable entrainement \u00e0 la lecture active.<\/p>\n<p>Deux types de sketches sont propos\u00e9s dans ce recueil :<br \/>\n&#8211; ceux qui serviront \u00e0 poser des jalons pour La lecture<br \/>\n&#8211; ceux, plus \u00e9labor\u00e9s, qui ont pour objectif l&#8217;apprentissage oral du texte et la repr\u00e9sentation sc\u00e9nique des enfants lecteurs.<\/p>\n","protected":false},"featured_media":37660,"template":"","meta":[],"product_brand":[],"product_cat":[1115,1101,1081,1083,1076,1113],"product_tag":[],"class_list":{"0":"post-48171","1":"product","2":"type-product","3":"status-publish","4":"has-post-thumbnail","6":"product_cat-educational","7":"product_cat-enrichment","8":"product_cat-french","9":"product_cat-giftedness","10":"product_cat-physical","11":"product_cat-youth","13":"first","14":"instock","15":"shipping-taxable","16":"product-type-simple"},"jetpack_sharing_enabled":true,"_links":{"self":[{"href":"https:\/\/edyka.org\/en\/wp-json\/wp\/v2\/product\/48171","targetHints":{"allow":["GET"]}}],"collection":[{"href":"https:\/\/edyka.org\/en\/wp-json\/wp\/v2\/product"}],"about":[{"href":"https:\/\/edyka.org\/en\/wp-json\/wp\/v2\/types\/product"}],"wp:featuredmedia":[{"embeddable":true,"href":"https:\/\/edyka.org\/en\/wp-json\/wp\/v2\/media\/37660"}],"wp:attachment":[{"href":"https:\/\/edyka.org\/en\/wp-json\/wp\/v2\/media?parent=48171"}],"wp:term":[{"taxonomy":"product_brand","embeddable":true,"href":"https:\/\/edyka.org\/en\/wp-json\/wp\/v2\/product_brand?post=48171"},{"taxonomy":"product_cat","embeddable":true,"href":"https:\/\/edyka.org\/en\/wp-json\/wp\/v2\/product_cat?post=48171"},{"taxonomy":"product_tag","embeddable":true,"href":"https:\/\/edyka.org\/en\/wp-json\/wp\/v2\/product_tag?post=48171"}],"curies":[{"name":"wp","href":"https:\/\/api.w.org\/{rel}","templated":true}]}}