{"id":48168,"date":"2025-07-22T10:30:33","date_gmt":"2025-07-22T14:30:33","guid":{"rendered":"https:\/\/edyka.org\/produit\/kit-des-solides-geometrique-transparent\/"},"modified":"2025-07-22T10:30:33","modified_gmt":"2025-07-22T14:30:33","slug":"kit-des-solides-geometrique-transparent","status":"publish","type":"product","link":"https:\/\/edyka.org\/en\/produit\/kit-des-solides-geometrique-transparent\/","title":{"rendered":"Kit des solides g\u00e9om\u00e9trique transparent,"},"content":{"rendered":"<p><a href=\"https:\/\/spectrumed.ca\/fr\/opaque-and-clear-geometric-models-kit?srsltid=AfmBOoreAc79PMOWPNcVeX4LsZYgXwDKPbFzeaiAjka8vEbeQmJrGVsw\" rel=\"nofollow\">https:\/\/spectrumed.ca\/fr\/opaque-and-clear-geometric-models-kit?srsltid=AfmBOoreAc79PMOWPNcVeX4LsZYgXwDKPbFzeaiAjka8vEbeQmJrGVsw<\/a><\/p>\n","protected":false},"excerpt":{"rendered":"<p>Niveau: 4e ann\u00e9e \u00e0 secondaire 2. L&#8217;ensemble comprend:<br \/>\n40 solides g\u00e9om\u00e9triques opaques aux couleurs vives (2,5 cm)<br \/>\n11 solides g\u00e9om\u00e9triques pliables avec bo\u00eetiers transparents (10,5 cm)<br \/>\n1 r\u00e9cipient de rangement<\/p>\n","protected":false},"featured_media":37668,"template":"","meta":[],"product_brand":[],"product_cat":[1080,1081,1097,1076,1114],"product_tag":[],"class_list":{"0":"post-48168","1":"product","2":"type-product","3":"status-publish","4":"has-post-thumbnail","6":"product_cat-english","7":"product_cat-french","8":"product_cat-learning","9":"product_cat-physical","10":"product_cat-practical","12":"first","13":"instock","14":"shipping-taxable","15":"product-type-simple"},"jetpack_sharing_enabled":true,"_links":{"self":[{"href":"https:\/\/edyka.org\/en\/wp-json\/wp\/v2\/product\/48168","targetHints":{"allow":["GET"]}}],"collection":[{"href":"https:\/\/edyka.org\/en\/wp-json\/wp\/v2\/product"}],"about":[{"href":"https:\/\/edyka.org\/en\/wp-json\/wp\/v2\/types\/product"}],"wp:featuredmedia":[{"embeddable":true,"href":"https:\/\/edyka.org\/en\/wp-json\/wp\/v2\/media\/37668"}],"wp:attachment":[{"href":"https:\/\/edyka.org\/en\/wp-json\/wp\/v2\/media?parent=48168"}],"wp:term":[{"taxonomy":"product_brand","embeddable":true,"href":"https:\/\/edyka.org\/en\/wp-json\/wp\/v2\/product_brand?post=48168"},{"taxonomy":"product_cat","embeddable":true,"href":"https:\/\/edyka.org\/en\/wp-json\/wp\/v2\/product_cat?post=48168"},{"taxonomy":"product_tag","embeddable":true,"href":"https:\/\/edyka.org\/en\/wp-json\/wp\/v2\/product_tag?post=48168"}],"curies":[{"name":"wp","href":"https:\/\/api.w.org\/{rel}","templated":true}]}}