{"id":48160,"date":"2025-07-22T10:30:36","date_gmt":"2025-07-22T14:30:36","guid":{"rendered":"https:\/\/edyka.org\/produit\/eloge-des-intelligences-atypiques-pas-comme-les-autres-plus-que-les-autres\/"},"modified":"2026-04-10T20:59:01","modified_gmt":"2026-04-11T00:59:01","slug":"eloge-des-intelligences-atypiques-pas-comme-les-autres-plus-que-les-autres","status":"publish","type":"product","link":"https:\/\/edyka.org\/en\/produit\/eloge-des-intelligences-atypiques-pas-comme-les-autres-plus-que-les-autres\/","title":{"rendered":"\u00c9loge des intelligences atypiques: pas comme les autres, plus que les autres"},"content":{"rendered":"<p><a href=\"https:\/\/www.odilejacob.fr\/catalogue\/psychologie\/developpement-personnel\/eloge-des-intelligences-atypiques_9782738145253.php\" rel=\"nofollow\">https:\/\/www.odilejacob.fr\/catalogue\/psychologie\/developpement-personnel\/eloge-des-intelligences-atypiques_9782738145253.php<\/a><\/p>\n","protected":false},"excerpt":{"rendered":"<p>&#8220;\u00c9loge des intelligences atypiques: pas comme les autres, plus que les autres&#8221; est un livre qui c\u00e9l\u00e8bre les talents et les comp\u00e9tences des personnes ayant des intelligences atypiques. Il met en avant les diff\u00e9rentes formes d&#8217;intelligence qui ne sont pas toujours reconnues ou valoris\u00e9es par les syst\u00e8mes \u00e9ducatifs et sociaux traditionnels, comme l&#8217;intelligence \u00e9motionnelle, l&#8217;intelligence spatiale, l&#8217;intelligence kinesth\u00e9sique, etc. Le livre aborde les difficult\u00e9s que les personnes ayant des intelligences atypiques peuvent rencontrer dans leur vie quotidienne et propose des solutions pour les aider \u00e0 d\u00e9velopper leurs talents et \u00e0 s&#8217;\u00e9panouir.<\/p>\n","protected":false},"featured_media":27660,"template":"","meta":[],"product_brand":[],"product_cat":[1087,1081,1118,1077],"product_tag":[1119],"class_list":{"0":"post-48160","1":"product","2":"type-product","3":"status-publish","4":"has-post-thumbnail","6":"product_cat-asd","7":"product_cat-french","8":"product_cat-popularization","9":"product_cat-text","10":"product_tag-editors-pick","12":"first","13":"instock","14":"shipping-taxable","15":"product-type-simple"},"jetpack_sharing_enabled":true,"_links":{"self":[{"href":"https:\/\/edyka.org\/en\/wp-json\/wp\/v2\/product\/48160","targetHints":{"allow":["GET"]}}],"collection":[{"href":"https:\/\/edyka.org\/en\/wp-json\/wp\/v2\/product"}],"about":[{"href":"https:\/\/edyka.org\/en\/wp-json\/wp\/v2\/types\/product"}],"wp:featuredmedia":[{"embeddable":true,"href":"https:\/\/edyka.org\/en\/wp-json\/wp\/v2\/media\/27660"}],"wp:attachment":[{"href":"https:\/\/edyka.org\/en\/wp-json\/wp\/v2\/media?parent=48160"}],"wp:term":[{"taxonomy":"product_brand","embeddable":true,"href":"https:\/\/edyka.org\/en\/wp-json\/wp\/v2\/product_brand?post=48160"},{"taxonomy":"product_cat","embeddable":true,"href":"https:\/\/edyka.org\/en\/wp-json\/wp\/v2\/product_cat?post=48160"},{"taxonomy":"product_tag","embeddable":true,"href":"https:\/\/edyka.org\/en\/wp-json\/wp\/v2\/product_tag?post=48160"}],"curies":[{"name":"wp","href":"https:\/\/api.w.org\/{rel}","templated":true}]}}