{"id":48158,"date":"2025-07-22T10:30:36","date_gmt":"2025-07-22T14:30:36","guid":{"rendered":"https:\/\/edyka.org\/produit\/mon-enfant-est-il-precoce-la-maison-des-maternelles\/"},"modified":"2026-04-12T21:34:05","modified_gmt":"2026-04-13T01:34:05","slug":"mon-enfant-est-il-precoce-la-maison-des-maternelles","status":"publish","type":"product","link":"https:\/\/edyka.org\/en\/produit\/mon-enfant-est-il-precoce-la-maison-des-maternelles\/","title":{"rendered":"Mon enfant est il pr\u00e9coce &#8211; La Maison des maternelles"},"content":{"rendered":"<p><iframe loading=\"lazy\" title=\"Mon enfant est-il pr\u00e9coce ? - La Maison des maternelles #LMDM\" width=\"1200\" height=\"675\" src=\"https:\/\/www.youtube.com\/embed\/GOmGfL0QimI?feature=oembed\" frameborder=\"0\" allow=\"accelerometer; autoplay; clipboard-write; encrypted-media; gyroscope; picture-in-picture; web-share\" referrerpolicy=\"strict-origin-when-cross-origin\" allowfullscreen><\/iframe><\/p>\n","protected":false},"excerpt":{"rendered":"<p>Nous, parents trouvons g\u00e9n\u00e9ralement que nos enfants ont ce petit quelque chose en plus qui fait d\u2019eux des \u00eatres rares. Mais sont-ils pour autant des enfants \u00e0 haut potentiel ou surdou\u00e9s comme l\u2019on disait autrefois ? Quels sont les signes de pr\u00e9cocit\u00e9 intellectuelle \u00e0 rep\u00e9rer d\u00e8s le plus jeune \u00e2ge ? Comment d\u00e9pister cette particularit\u00e9 ? Et surtout, comment composer au quotidien avec ces enfants souvent hypersensibles ?<\/p>\n","protected":false},"featured_media":48893,"template":"","meta":[],"product_brand":[],"product_cat":[1081,1083,1118,1078],"product_tag":[],"class_list":{"0":"post-48158","1":"product","2":"type-product","3":"status-publish","4":"has-post-thumbnail","6":"product_cat-french","7":"product_cat-giftedness","8":"product_cat-popularization","9":"product_cat-video-en","11":"first","12":"instock","13":"shipping-taxable","14":"product-type-simple"},"jetpack_sharing_enabled":true,"_links":{"self":[{"href":"https:\/\/edyka.org\/en\/wp-json\/wp\/v2\/product\/48158","targetHints":{"allow":["GET"]}}],"collection":[{"href":"https:\/\/edyka.org\/en\/wp-json\/wp\/v2\/product"}],"about":[{"href":"https:\/\/edyka.org\/en\/wp-json\/wp\/v2\/types\/product"}],"wp:featuredmedia":[{"embeddable":true,"href":"https:\/\/edyka.org\/en\/wp-json\/wp\/v2\/media\/48893"}],"wp:attachment":[{"href":"https:\/\/edyka.org\/en\/wp-json\/wp\/v2\/media?parent=48158"}],"wp:term":[{"taxonomy":"product_brand","embeddable":true,"href":"https:\/\/edyka.org\/en\/wp-json\/wp\/v2\/product_brand?post=48158"},{"taxonomy":"product_cat","embeddable":true,"href":"https:\/\/edyka.org\/en\/wp-json\/wp\/v2\/product_cat?post=48158"},{"taxonomy":"product_tag","embeddable":true,"href":"https:\/\/edyka.org\/en\/wp-json\/wp\/v2\/product_tag?post=48158"}],"curies":[{"name":"wp","href":"https:\/\/api.w.org\/{rel}","templated":true}]}}