{"id":48156,"date":"2025-07-22T10:30:37","date_gmt":"2025-07-22T14:30:37","guid":{"rendered":"https:\/\/edyka.org\/produit\/caddac-centre-for-adhd-awareness-canada\/"},"modified":"2025-07-22T10:30:37","modified_gmt":"2025-07-22T14:30:37","slug":"caddac-centre-for-adhd-awareness-canada","status":"publish","type":"product","link":"https:\/\/edyka.org\/en\/produit\/caddac-centre-for-adhd-awareness-canada\/","title":{"rendered":"CADDAC Centre for ADHD Awareness Canada"},"content":{"rendered":"<blockquote class=\"wp-embedded-content\" data-secret=\"Fz0OJLha0r\"><p><a href=\"https:\/\/caddac.ca\/fr\/\" rel=\"nofollow noopener\" target=\"_blank\">Accueil<\/a><\/p><\/blockquote>\n<p><iframe loading=\"lazy\" class=\"wp-embedded-content\" sandbox=\"allow-scripts\" security=\"restricted\" style=\"position: absolute; visibility: hidden;\" title=\"\u00ab\u00a0Accueil\u00a0\u00bb &#8212; CADDAC\" src=\"https:\/\/caddac.ca\/fr\/embed\/#?secret=XUttwuyg5s#?secret=Fz0OJLha0r\" data-secret=\"Fz0OJLha0r\" width=\"600\" height=\"338\" frameborder=\"0\" marginwidth=\"0\" marginheight=\"0\" scrolling=\"no\"><\/iframe><\/p>\n","protected":false},"excerpt":{"rendered":"<p>L&#8217;association fournit des informations et des ressources sur le trouble de d\u00e9ficit de l&#8217;attention avec ou sans hyperactivit\u00e9 (TDAH) pour les personnes atteintes, leurs familles et les professionnels de la sant\u00e9. Il vise \u00e0 sensibiliser sur le TDAH, ses causes, ses sympt\u00f4mes et les traitements disponibles pour aider les personnes atteintes \u00e0 vivre une vie plus \u00e9panouissante. Il comprend des articles sur les derni\u00e8res recherches, des t\u00e9moignages de personnes atteintes de TDAH et de leurs proches, ainsi que des informations sur les diff\u00e9rents types de soutien disponibles. Il se positionne \u00e9galement pour une meilleur reconnaissance et une meilleure prise en charge de cette maladie encore mal comprise dans la soci\u00e9t\u00e9.<\/p>\n","protected":false},"featured_media":16534,"template":"","meta":[],"product_brand":[],"product_cat":[1085,1080,1081,1112,1075],"product_tag":[1119],"class_list":{"0":"post-48156","1":"product","2":"type-product","3":"status-publish","4":"has-post-thumbnail","6":"product_cat-adhd","7":"product_cat-english","8":"product_cat-french","9":"product_cat-institutional","10":"product_cat-organization","11":"product_tag-editors-pick","13":"first","14":"instock","15":"shipping-taxable","16":"product-type-simple"},"jetpack_sharing_enabled":true,"_links":{"self":[{"href":"https:\/\/edyka.org\/en\/wp-json\/wp\/v2\/product\/48156","targetHints":{"allow":["GET"]}}],"collection":[{"href":"https:\/\/edyka.org\/en\/wp-json\/wp\/v2\/product"}],"about":[{"href":"https:\/\/edyka.org\/en\/wp-json\/wp\/v2\/types\/product"}],"wp:featuredmedia":[{"embeddable":true,"href":"https:\/\/edyka.org\/en\/wp-json\/wp\/v2\/media\/16534"}],"wp:attachment":[{"href":"https:\/\/edyka.org\/en\/wp-json\/wp\/v2\/media?parent=48156"}],"wp:term":[{"taxonomy":"product_brand","embeddable":true,"href":"https:\/\/edyka.org\/en\/wp-json\/wp\/v2\/product_brand?post=48156"},{"taxonomy":"product_cat","embeddable":true,"href":"https:\/\/edyka.org\/en\/wp-json\/wp\/v2\/product_cat?post=48156"},{"taxonomy":"product_tag","embeddable":true,"href":"https:\/\/edyka.org\/en\/wp-json\/wp\/v2\/product_tag?post=48156"}],"curies":[{"name":"wp","href":"https:\/\/api.w.org\/{rel}","templated":true}]}}