{"id":48155,"date":"2025-07-22T10:30:37","date_gmt":"2025-07-22T14:30:37","guid":{"rendered":"https:\/\/edyka.org\/produit\/tableau-blanc-autoadhesif-legamaster\/"},"modified":"2025-07-22T10:30:37","modified_gmt":"2025-07-22T14:30:37","slug":"tableau-blanc-autoadhesif-legamaster","status":"publish","type":"product","link":"https:\/\/edyka.org\/en\/produit\/tableau-blanc-autoadhesif-legamaster\/","title":{"rendered":"Tableau blanc autoadh\u00e9sif Legamaster"},"content":{"rendered":"<p><a href=\"https:\/\/www.legamaster.com\/fr\/tableaux-blancs\/wrap-up\" rel=\"nofollow\">https:\/\/www.legamaster.com\/fr\/tableaux-blancs\/wrap-up<\/a><\/p>\n","protected":false},"excerpt":{"rendered":"<p>Ce tableau blanc autoadh\u00e9sif peut \u00eatre fix\u00e9 au mur ou \u00e0 un bureau, offrant un espace suppl\u00e9mentaire pour prendre des notes, \u00e9crire des rappels ou organiser des id\u00e9es. Il permet aux enfants d&#8217;avoir une repr\u00e9sentation visuelle de leurs pens\u00e9es et de mieux organiser leurs informations spatialement.\u00a0<\/p>\n","protected":false},"featured_media":37668,"template":"","meta":[],"product_brand":[],"product_cat":[1115,1080,1081,1100,1076,1114],"product_tag":[],"class_list":{"0":"post-48155","1":"product","2":"type-product","3":"status-publish","4":"has-post-thumbnail","6":"product_cat-educational","7":"product_cat-english","8":"product_cat-french","9":"product_cat-motor-coordination","10":"product_cat-physical","11":"product_cat-practical","13":"first","14":"instock","15":"shipping-taxable","16":"product-type-simple"},"jetpack_sharing_enabled":true,"_links":{"self":[{"href":"https:\/\/edyka.org\/en\/wp-json\/wp\/v2\/product\/48155","targetHints":{"allow":["GET"]}}],"collection":[{"href":"https:\/\/edyka.org\/en\/wp-json\/wp\/v2\/product"}],"about":[{"href":"https:\/\/edyka.org\/en\/wp-json\/wp\/v2\/types\/product"}],"wp:featuredmedia":[{"embeddable":true,"href":"https:\/\/edyka.org\/en\/wp-json\/wp\/v2\/media\/37668"}],"wp:attachment":[{"href":"https:\/\/edyka.org\/en\/wp-json\/wp\/v2\/media?parent=48155"}],"wp:term":[{"taxonomy":"product_brand","embeddable":true,"href":"https:\/\/edyka.org\/en\/wp-json\/wp\/v2\/product_brand?post=48155"},{"taxonomy":"product_cat","embeddable":true,"href":"https:\/\/edyka.org\/en\/wp-json\/wp\/v2\/product_cat?post=48155"},{"taxonomy":"product_tag","embeddable":true,"href":"https:\/\/edyka.org\/en\/wp-json\/wp\/v2\/product_tag?post=48155"}],"curies":[{"name":"wp","href":"https:\/\/api.w.org\/{rel}","templated":true}]}}