{"id":48152,"date":"2025-07-22T10:30:38","date_gmt":"2025-07-22T14:30:38","guid":{"rendered":"https:\/\/edyka.org\/produit\/35-activites-pour-developper-la-confiance-en-soi\/"},"modified":"2026-04-10T20:58:29","modified_gmt":"2026-04-11T00:58:29","slug":"35-activites-pour-developper-la-confiance-en-soi","status":"publish","type":"product","link":"https:\/\/edyka.org\/en\/produit\/35-activites-pour-developper-la-confiance-en-soi\/","title":{"rendered":"35 activit\u00e9s pour d\u00e9velopper la confiance en soi"},"content":{"rendered":"","protected":false},"excerpt":{"rendered":"<p>Sous forme de jeux, d\u00e9couvrez de vraies solutions pour encourager les prises de d\u00e9cisions de votre enfant et favoriser son rapport aux autres : m\u00e9ditation, art-th\u00e9rapie, sophrologie, jeu d&#8217;observation et de m\u00e9moire, atelier d&#8217;\u00e9criture.<\/p>\n","protected":false},"featured_media":27696,"template":"","meta":[],"product_brand":[],"product_cat":[1081,1114,1107,1077],"product_tag":[],"class_list":{"0":"post-48152","1":"product","2":"type-product","3":"status-publish","4":"has-post-thumbnail","6":"product_cat-french","7":"product_cat-practical","8":"product_cat-self-esteem","9":"product_cat-text","11":"first","12":"instock","13":"shipping-taxable","14":"product-type-simple"},"jetpack_sharing_enabled":true,"_links":{"self":[{"href":"https:\/\/edyka.org\/en\/wp-json\/wp\/v2\/product\/48152","targetHints":{"allow":["GET"]}}],"collection":[{"href":"https:\/\/edyka.org\/en\/wp-json\/wp\/v2\/product"}],"about":[{"href":"https:\/\/edyka.org\/en\/wp-json\/wp\/v2\/types\/product"}],"wp:featuredmedia":[{"embeddable":true,"href":"https:\/\/edyka.org\/en\/wp-json\/wp\/v2\/media\/27696"}],"wp:attachment":[{"href":"https:\/\/edyka.org\/en\/wp-json\/wp\/v2\/media?parent=48152"}],"wp:term":[{"taxonomy":"product_brand","embeddable":true,"href":"https:\/\/edyka.org\/en\/wp-json\/wp\/v2\/product_brand?post=48152"},{"taxonomy":"product_cat","embeddable":true,"href":"https:\/\/edyka.org\/en\/wp-json\/wp\/v2\/product_cat?post=48152"},{"taxonomy":"product_tag","embeddable":true,"href":"https:\/\/edyka.org\/en\/wp-json\/wp\/v2\/product_tag?post=48152"}],"curies":[{"name":"wp","href":"https:\/\/api.w.org\/{rel}","templated":true}]}}