{"id":48151,"date":"2025-07-22T10:30:52","date_gmt":"2025-07-22T14:30:52","guid":{"rendered":"https:\/\/edyka.org\/produit\/martha-bla-bla\/"},"modified":"2025-07-22T10:30:52","modified_gmt":"2025-07-22T14:30:52","slug":"martha-bla-bla","status":"publish","type":"product","link":"https:\/\/edyka.org\/en\/produit\/martha-bla-bla\/","title":{"rendered":"Martha Bla Bla"},"content":{"rendered":"<p><iframe loading=\"lazy\" title=\"Martha Speaks Martha Bakes\/Martha Makes Scents\" width=\"1200\" height=\"675\" src=\"https:\/\/www.youtube.com\/embed\/UIMdQBO6ZPg?feature=oembed\" frameborder=\"0\" allow=\"accelerometer; autoplay; clipboard-write; encrypted-media; gyroscope; picture-in-picture; web-share\" referrerpolicy=\"strict-origin-when-cross-origin\" allowfullscreen><\/iframe><\/p>\n","protected":false},"excerpt":{"rendered":"<p>Martha Bla Bla est un dessin anim\u00e9 qui narre l\u2019histoire d\u2019une petite chienne nomm\u00e9e Martha. Martha a acquis le don de parole en buvant de la soupe qui, au lieu d\u2019aboutir dans son estomac, a fini des miraculeusement dans son cerveau. Chaque \u00e9pisode se focalise sur un th\u00e8me sp\u00e9cifique illustr\u00e9 avec des mots cl\u00e9s. \u202fLe vocabulaire employ\u00e9 est g\u00e9n\u00e9ralement expliqu\u00e9 au d\u00e9but et \u00e0 la fin de chaque \u00e9pisode. \u202fLa r\u00e9p\u00e9tition des termes cl\u00e9s stimulent la m\u00e9morisation. \u202fCe dessin anim\u00e9, caract\u00e9ris\u00e9 par des contenus intelligents et \u00e9ducatifs, convient \u00e0 tous les \u00e2ges. <\/p>\n","protected":false},"featured_media":37654,"template":"","meta":[],"product_brand":[],"product_cat":[1080,1097,1078,1113],"product_tag":[],"class_list":{"0":"post-48151","1":"product","2":"type-product","3":"status-publish","4":"has-post-thumbnail","6":"product_cat-english","7":"product_cat-learning","8":"product_cat-video-en","9":"product_cat-youth","11":"first","12":"instock","13":"shipping-taxable","14":"product-type-simple"},"jetpack_sharing_enabled":true,"_links":{"self":[{"href":"https:\/\/edyka.org\/en\/wp-json\/wp\/v2\/product\/48151","targetHints":{"allow":["GET"]}}],"collection":[{"href":"https:\/\/edyka.org\/en\/wp-json\/wp\/v2\/product"}],"about":[{"href":"https:\/\/edyka.org\/en\/wp-json\/wp\/v2\/types\/product"}],"wp:featuredmedia":[{"embeddable":true,"href":"https:\/\/edyka.org\/en\/wp-json\/wp\/v2\/media\/37654"}],"wp:attachment":[{"href":"https:\/\/edyka.org\/en\/wp-json\/wp\/v2\/media?parent=48151"}],"wp:term":[{"taxonomy":"product_brand","embeddable":true,"href":"https:\/\/edyka.org\/en\/wp-json\/wp\/v2\/product_brand?post=48151"},{"taxonomy":"product_cat","embeddable":true,"href":"https:\/\/edyka.org\/en\/wp-json\/wp\/v2\/product_cat?post=48151"},{"taxonomy":"product_tag","embeddable":true,"href":"https:\/\/edyka.org\/en\/wp-json\/wp\/v2\/product_tag?post=48151"}],"curies":[{"name":"wp","href":"https:\/\/api.w.org\/{rel}","templated":true}]}}