{"id":48149,"date":"2025-07-22T10:30:53","date_gmt":"2025-07-22T14:30:53","guid":{"rendered":"https:\/\/edyka.org\/produit\/sondo\/"},"modified":"2025-07-22T10:30:53","modified_gmt":"2025-07-22T14:30:53","slug":"sondo","status":"publish","type":"product","link":"https:\/\/edyka.org\/en\/produit\/sondo\/","title":{"rendered":"Sondo"},"content":{"rendered":"<p><a href=\"https:\/\/www.sondo.fr\/\" rel=\"nofollow\">https:\/\/www.sondo.fr\/<\/a><\/p>\n","protected":false},"excerpt":{"rendered":"<p>Mise en place par la soci\u00e9t\u00e9 MOBiDYS, sp\u00e9cialis\u00e9e dans les solutions num\u00e9riques adapt\u00e9es pour les lecteurs et \u00e9l\u00e8ves dyslexiques, la biblioth\u00e8que num\u00e9rique Sondo, orient\u00e9e vers les coll\u00e9giens, propose des Livre \u00e0 lire pour le cours de fran\u00e7ais, ainsi que l\u2019audio des manuels scolaires, pour accompagner le travail avec le manuel papier<\/p>\n","protected":false},"featured_media":37654,"template":"","meta":[],"product_brand":[],"product_cat":[1115,1081,1097,1114,1077],"product_tag":[],"class_list":{"0":"post-48149","1":"product","2":"type-product","3":"status-publish","4":"has-post-thumbnail","6":"product_cat-educational","7":"product_cat-french","8":"product_cat-learning","9":"product_cat-practical","10":"product_cat-text","12":"first","13":"instock","14":"shipping-taxable","15":"product-type-simple"},"jetpack_sharing_enabled":true,"_links":{"self":[{"href":"https:\/\/edyka.org\/en\/wp-json\/wp\/v2\/product\/48149","targetHints":{"allow":["GET"]}}],"collection":[{"href":"https:\/\/edyka.org\/en\/wp-json\/wp\/v2\/product"}],"about":[{"href":"https:\/\/edyka.org\/en\/wp-json\/wp\/v2\/types\/product"}],"wp:featuredmedia":[{"embeddable":true,"href":"https:\/\/edyka.org\/en\/wp-json\/wp\/v2\/media\/37654"}],"wp:attachment":[{"href":"https:\/\/edyka.org\/en\/wp-json\/wp\/v2\/media?parent=48149"}],"wp:term":[{"taxonomy":"product_brand","embeddable":true,"href":"https:\/\/edyka.org\/en\/wp-json\/wp\/v2\/product_brand?post=48149"},{"taxonomy":"product_cat","embeddable":true,"href":"https:\/\/edyka.org\/en\/wp-json\/wp\/v2\/product_cat?post=48149"},{"taxonomy":"product_tag","embeddable":true,"href":"https:\/\/edyka.org\/en\/wp-json\/wp\/v2\/product_tag?post=48149"}],"curies":[{"name":"wp","href":"https:\/\/api.w.org\/{rel}","templated":true}]}}