{"id":48148,"date":"2025-07-22T10:30:53","date_gmt":"2025-07-22T14:30:53","guid":{"rendered":"https:\/\/edyka.org\/produit\/adobe-read-out-loud\/"},"modified":"2025-07-22T10:30:53","modified_gmt":"2025-07-22T14:30:53","slug":"adobe-read-out-loud","status":"publish","type":"product","link":"https:\/\/edyka.org\/en\/produit\/adobe-read-out-loud\/","title":{"rendered":"Adobe Read Out Loud"},"content":{"rendered":"<p><a href=\"https:\/\/www.montgomeryschoolsmd.org\/siteassets\/district\/departments\/hiat\/tech_quick_guides\/adobe_read_out_loud.pdf\" rel=\"nofollow\">https:\/\/www.montgomeryschoolsmd.org\/siteassets\/district\/departments\/hiat\/tech_quick_guides\/adobe_read_out_loud.pdf<\/a><\/p>\n","protected":false},"excerpt":{"rendered":"<p>Cette fonctionnalit\u00e9 int\u00e9gr\u00e9e \u00e0 Adobe Acrobat Reader permet de lire \u00e0 voix haute les fichiers PDF. Elle est facile d&#8217;acc\u00e8s et conviviale pour les enfants dyslexiques qui peuvent ainsi \u00e9couter le contenu des documents et suivre visuellement le texte.\u00a0<\/p>\n","protected":false},"featured_media":34930,"template":"","meta":[],"product_brand":[],"product_cat":[1080,1081,1074,1097,1114],"product_tag":[],"class_list":{"0":"post-48148","1":"product","2":"type-product","3":"status-publish","4":"has-post-thumbnail","6":"product_cat-english","7":"product_cat-french","8":"product_cat-interactive","9":"product_cat-learning","10":"product_cat-practical","12":"first","13":"instock","14":"shipping-taxable","15":"product-type-simple"},"jetpack_sharing_enabled":true,"_links":{"self":[{"href":"https:\/\/edyka.org\/en\/wp-json\/wp\/v2\/product\/48148","targetHints":{"allow":["GET"]}}],"collection":[{"href":"https:\/\/edyka.org\/en\/wp-json\/wp\/v2\/product"}],"about":[{"href":"https:\/\/edyka.org\/en\/wp-json\/wp\/v2\/types\/product"}],"wp:featuredmedia":[{"embeddable":true,"href":"https:\/\/edyka.org\/en\/wp-json\/wp\/v2\/media\/34930"}],"wp:attachment":[{"href":"https:\/\/edyka.org\/en\/wp-json\/wp\/v2\/media?parent=48148"}],"wp:term":[{"taxonomy":"product_brand","embeddable":true,"href":"https:\/\/edyka.org\/en\/wp-json\/wp\/v2\/product_brand?post=48148"},{"taxonomy":"product_cat","embeddable":true,"href":"https:\/\/edyka.org\/en\/wp-json\/wp\/v2\/product_cat?post=48148"},{"taxonomy":"product_tag","embeddable":true,"href":"https:\/\/edyka.org\/en\/wp-json\/wp\/v2\/product_tag?post=48148"}],"curies":[{"name":"wp","href":"https:\/\/api.w.org\/{rel}","templated":true}]}}