{"id":48143,"date":"2025-07-22T10:30:55","date_gmt":"2025-07-22T14:30:55","guid":{"rendered":"https:\/\/edyka.org\/produit\/valerie-jessica-laporte-temoignage-sur-les-defis-des-autistes\/"},"modified":"2025-07-22T10:30:55","modified_gmt":"2025-07-22T14:30:55","slug":"valerie-jessica-laporte-temoignage-sur-les-defis-des-autistes","status":"publish","type":"product","link":"https:\/\/edyka.org\/en\/produit\/valerie-jessica-laporte-temoignage-sur-les-defis-des-autistes\/","title":{"rendered":"Val\u00e9rie-Jessica Laporte: t\u00e9moignage sur les d\u00e9fis des autistes"},"content":{"rendered":"<p><iframe loading=\"lazy\" title=\"Capsule 2: Val\u00e9rie-Jessica Laporte\" width=\"1200\" height=\"675\" src=\"https:\/\/www.youtube.com\/embed\/nw0AS6m0IDg?feature=oembed\" frameborder=\"0\" allow=\"accelerometer; autoplay; clipboard-write; encrypted-media; gyroscope; picture-in-picture; web-share\" referrerpolicy=\"strict-origin-when-cross-origin\" allowfullscreen><\/iframe><\/p>\n","protected":false},"excerpt":{"rendered":"<p>La designer graphique\/photographe\/autrice\/influen\u00e7euse Val\u00e9rie-Jessica Laporte nous livre, en toute transparence, son point de vue sur le milieu de l&#8217;emploi. Comme personne vivant avec un trouble du spectre de l&#8217;autisme, Val\u00e9rie est confront\u00e9e \u00e0 des d\u00e9fis, mais d\u00e9tient \u00e9galement de grandes forces qui peuvent \u00eatre pr\u00e9cieuses pour un employeur. \u00c0 travers ses mots qui nous font parfois sourire, Val\u00e9rie nous am\u00e8ne \u00e0 r\u00e9fl\u00e9chir et \u00e0 changer notre perception des personnes autistes en milieu de travail.<\/p>\n","protected":false},"featured_media":16531,"template":"","meta":[],"product_brand":[],"product_cat":[1087,1081,1117,1078],"product_tag":[],"class_list":{"0":"post-48143","1":"product","2":"type-product","3":"status-publish","4":"has-post-thumbnail","6":"product_cat-asd","7":"product_cat-french","8":"product_cat-testimonial","9":"product_cat-video-en","11":"first","12":"instock","13":"shipping-taxable","14":"product-type-simple"},"jetpack_sharing_enabled":true,"_links":{"self":[{"href":"https:\/\/edyka.org\/en\/wp-json\/wp\/v2\/product\/48143","targetHints":{"allow":["GET"]}}],"collection":[{"href":"https:\/\/edyka.org\/en\/wp-json\/wp\/v2\/product"}],"about":[{"href":"https:\/\/edyka.org\/en\/wp-json\/wp\/v2\/types\/product"}],"wp:featuredmedia":[{"embeddable":true,"href":"https:\/\/edyka.org\/en\/wp-json\/wp\/v2\/media\/16531"}],"wp:attachment":[{"href":"https:\/\/edyka.org\/en\/wp-json\/wp\/v2\/media?parent=48143"}],"wp:term":[{"taxonomy":"product_brand","embeddable":true,"href":"https:\/\/edyka.org\/en\/wp-json\/wp\/v2\/product_brand?post=48143"},{"taxonomy":"product_cat","embeddable":true,"href":"https:\/\/edyka.org\/en\/wp-json\/wp\/v2\/product_cat?post=48143"},{"taxonomy":"product_tag","embeddable":true,"href":"https:\/\/edyka.org\/en\/wp-json\/wp\/v2\/product_tag?post=48143"}],"curies":[{"name":"wp","href":"https:\/\/api.w.org\/{rel}","templated":true}]}}