{"id":48141,"date":"2025-07-22T10:30:55","date_gmt":"2025-07-22T14:30:55","guid":{"rendered":"https:\/\/edyka.org\/produit\/causes-dinattention-de-leleve-doue-en-classe\/"},"modified":"2026-04-10T22:50:05","modified_gmt":"2026-04-11T02:50:05","slug":"causes-dinattention-de-leleve-doue-en-classe","status":"publish","type":"product","link":"https:\/\/edyka.org\/en\/produit\/causes-dinattention-de-leleve-doue-en-classe\/","title":{"rendered":"Causes d\u2019inattention de l\u2019\u00e9l\u00e8ve dou\u00e9 en classe"},"content":{"rendered":"<p><a href=\"https:\/\/www.aqdouance.org\/wp-content\/uploads\/2019\/01\/Causes-dinattention_douance_outil_p%C3%A9dagogique.pdf\" rel=\"nofollow\">https:\/\/www.aqdouance.org\/wp-content\/uploads\/2019\/01\/Causes-dinattention_douance_outil_p%C3%A9dagogique.pdf<\/a><\/p>\n","protected":false},"excerpt":{"rendered":"<p>Cet artile explique que les \u00e9l\u00e8ves dou\u00e9s peuvent \u00eatre plus sujets \u00e0 l&#8217;inattention en classe en raison de leur besoin de d\u00e9fis intellectuels plus importants. Ils peuvent \u00e9galement s&#8217;ennuyer avec des t\u00e2ches r\u00e9p\u00e9titives ou faciles et ont besoin de plus de libert\u00e9 pour explorer des sujets qui les int\u00e9ressent. Les enseignants peuvent aider ces \u00e9l\u00e8ves en leur offrant des projets plus stimulants et en leur permettant d&#8217;avoir un r\u00f4le plus actif dans l&#8217;apprentissage.<\/p>\n","protected":false},"featured_media":37658,"template":"","meta":[],"product_brand":[],"product_cat":[1099,1115,1080,1081,1083,1077],"product_tag":[1120],"class_list":{"0":"post-48141","1":"product","2":"type-product","3":"status-publish","4":"has-post-thumbnail","6":"product_cat-attention-hyperactivity","7":"product_cat-educational","8":"product_cat-english","9":"product_cat-french","10":"product_cat-giftedness","11":"product_cat-text","12":"product_tag-teachers","14":"first","15":"instock","16":"shipping-taxable","17":"product-type-simple"},"jetpack_sharing_enabled":true,"_links":{"self":[{"href":"https:\/\/edyka.org\/en\/wp-json\/wp\/v2\/product\/48141","targetHints":{"allow":["GET"]}}],"collection":[{"href":"https:\/\/edyka.org\/en\/wp-json\/wp\/v2\/product"}],"about":[{"href":"https:\/\/edyka.org\/en\/wp-json\/wp\/v2\/types\/product"}],"wp:featuredmedia":[{"embeddable":true,"href":"https:\/\/edyka.org\/en\/wp-json\/wp\/v2\/media\/37658"}],"wp:attachment":[{"href":"https:\/\/edyka.org\/en\/wp-json\/wp\/v2\/media?parent=48141"}],"wp:term":[{"taxonomy":"product_brand","embeddable":true,"href":"https:\/\/edyka.org\/en\/wp-json\/wp\/v2\/product_brand?post=48141"},{"taxonomy":"product_cat","embeddable":true,"href":"https:\/\/edyka.org\/en\/wp-json\/wp\/v2\/product_cat?post=48141"},{"taxonomy":"product_tag","embeddable":true,"href":"https:\/\/edyka.org\/en\/wp-json\/wp\/v2\/product_tag?post=48141"}],"curies":[{"name":"wp","href":"https:\/\/api.w.org\/{rel}","templated":true}]}}