{"id":48138,"date":"2025-07-22T10:30:56","date_gmt":"2025-07-22T14:30:56","guid":{"rendered":"https:\/\/edyka.org\/produit\/ecole-cerene-paris\/"},"modified":"2025-07-22T10:30:56","modified_gmt":"2025-07-22T14:30:56","slug":"ecole-cerene-paris","status":"publish","type":"product","link":"https:\/\/edyka.org\/en\/produit\/ecole-cerene-paris\/","title":{"rendered":"Ecole Cerene Paris"},"content":{"rendered":"<blockquote class=\"wp-embedded-content\" data-secret=\"wkJhDElQU4\"><p><a href=\"https:\/\/cerene-education.fr\/\" rel=\"nofollow noopener\" target=\"_blank\">Page d&rsquo;accueil<\/a><\/p><\/blockquote>\n<p><iframe loading=\"lazy\" class=\"wp-embedded-content\" sandbox=\"allow-scripts\" security=\"restricted\" style=\"position: absolute; visibility: hidden;\" title=\"\u00ab\u00a0Page d&rsquo;accueil\u00a0\u00bb &#8212; CERENE\" src=\"https:\/\/cerene-education.fr\/embed\/#?secret=m5LDQ4Jaxl#?secret=wkJhDElQU4\" data-secret=\"wkJhDElQU4\" width=\"600\" height=\"338\" frameborder=\"0\" marginwidth=\"0\" marginheight=\"0\" scrolling=\"no\"><\/iframe><\/p>\n","protected":false},"excerpt":{"rendered":"<p>Fond\u00e9es par le neuropsychologue\u00a0Herv\u00e9 Glasel\u00a0en 2010, les \u00e9coles CERENE sont d\u00e9di\u00e9es aux enfants ayant des troubles des apprentissages tels que la dyslexie, dyspraxie, dysorthographie, dyscalculie, dysphasie et les troubles de l\u2019attention et les troubles ex\u00e9cutifs.<\/p>\n","protected":false},"featured_media":19292,"template":"","meta":[],"product_brand":[],"product_cat":[1095,1081,1112,1075],"product_tag":[],"class_list":{"0":"post-48138","1":"product","2":"type-product","3":"status-publish","4":"has-post-thumbnail","6":"product_cat-dys-disorders-en","7":"product_cat-french","8":"product_cat-institutional","9":"product_cat-organization","11":"first","12":"instock","13":"shipping-taxable","14":"product-type-simple"},"jetpack_sharing_enabled":true,"_links":{"self":[{"href":"https:\/\/edyka.org\/en\/wp-json\/wp\/v2\/product\/48138","targetHints":{"allow":["GET"]}}],"collection":[{"href":"https:\/\/edyka.org\/en\/wp-json\/wp\/v2\/product"}],"about":[{"href":"https:\/\/edyka.org\/en\/wp-json\/wp\/v2\/types\/product"}],"wp:featuredmedia":[{"embeddable":true,"href":"https:\/\/edyka.org\/en\/wp-json\/wp\/v2\/media\/19292"}],"wp:attachment":[{"href":"https:\/\/edyka.org\/en\/wp-json\/wp\/v2\/media?parent=48138"}],"wp:term":[{"taxonomy":"product_brand","embeddable":true,"href":"https:\/\/edyka.org\/en\/wp-json\/wp\/v2\/product_brand?post=48138"},{"taxonomy":"product_cat","embeddable":true,"href":"https:\/\/edyka.org\/en\/wp-json\/wp\/v2\/product_cat?post=48138"},{"taxonomy":"product_tag","embeddable":true,"href":"https:\/\/edyka.org\/en\/wp-json\/wp\/v2\/product_tag?post=48138"}],"curies":[{"name":"wp","href":"https:\/\/api.w.org\/{rel}","templated":true}]}}