{"id":48137,"date":"2025-07-22T10:31:01","date_gmt":"2025-07-22T14:31:01","guid":{"rendered":"https:\/\/edyka.org\/produit\/la-magie-des-mots\/"},"modified":"2026-04-12T21:32:22","modified_gmt":"2026-04-13T01:32:22","slug":"la-magie-des-mots","status":"publish","type":"product","link":"https:\/\/edyka.org\/en\/produit\/la-magie-des-mots\/","title":{"rendered":"La magie des mots"},"content":{"rendered":"<p><a href=\"https:\/\/play.google.com\/store\/apps\/details?id=com.lescapadou.ttsfrench&#038;hl=fr&#038;gl=US\" rel=\"nofollow\">https:\/\/play.google.com\/store\/apps\/details?id=com.lescapadou.ttsfrench&#038;hl=fr&#038;gl=US<\/a><\/p>\n","protected":false},"excerpt":{"rendered":"<p>\u00c9crire des mots: type tableau magn\u00e9tique (vocabulaire, orthographe). Diff\u00e9rents niveaux de difficult\u00e9.<\/p>\n","protected":false},"featured_media":37654,"template":"","meta":[],"product_brand":[],"product_cat":[1115,1081,1074,1097,1114],"product_tag":[],"class_list":{"0":"post-48137","1":"product","2":"type-product","3":"status-publish","4":"has-post-thumbnail","6":"product_cat-educational","7":"product_cat-french","8":"product_cat-interactive","9":"product_cat-learning","10":"product_cat-practical","12":"first","13":"instock","14":"shipping-taxable","15":"product-type-simple"},"jetpack_sharing_enabled":true,"_links":{"self":[{"href":"https:\/\/edyka.org\/en\/wp-json\/wp\/v2\/product\/48137","targetHints":{"allow":["GET"]}}],"collection":[{"href":"https:\/\/edyka.org\/en\/wp-json\/wp\/v2\/product"}],"about":[{"href":"https:\/\/edyka.org\/en\/wp-json\/wp\/v2\/types\/product"}],"wp:featuredmedia":[{"embeddable":true,"href":"https:\/\/edyka.org\/en\/wp-json\/wp\/v2\/media\/37654"}],"wp:attachment":[{"href":"https:\/\/edyka.org\/en\/wp-json\/wp\/v2\/media?parent=48137"}],"wp:term":[{"taxonomy":"product_brand","embeddable":true,"href":"https:\/\/edyka.org\/en\/wp-json\/wp\/v2\/product_brand?post=48137"},{"taxonomy":"product_cat","embeddable":true,"href":"https:\/\/edyka.org\/en\/wp-json\/wp\/v2\/product_cat?post=48137"},{"taxonomy":"product_tag","embeddable":true,"href":"https:\/\/edyka.org\/en\/wp-json\/wp\/v2\/product_tag?post=48137"}],"curies":[{"name":"wp","href":"https:\/\/api.w.org\/{rel}","templated":true}]}}