{"id":48126,"date":"2025-07-22T10:31:18","date_gmt":"2025-07-22T14:31:18","guid":{"rendered":"https:\/\/edyka.org\/produit\/etre-adulte-a-haut-potentiel-parole-et-temoignage\/"},"modified":"2026-04-12T21:31:22","modified_gmt":"2026-04-13T01:31:22","slug":"etre-adulte-a-haut-potentiel-parole-et-temoignage","status":"publish","type":"product","link":"https:\/\/edyka.org\/en\/produit\/etre-adulte-a-haut-potentiel-parole-et-temoignage\/","title":{"rendered":"Etre adulte \u00e0 haut potentiel, parole et temoignage"},"content":{"rendered":"<p><a href=\"https:\/\/www.renaud-bray.com\/Livres_Produit.aspx?id=998481&#038;def=%C3%8Atre+adulte+%C3%A0+haut+potentiel%2CB%C3%89NARD%2C+ST%C3%89PHANIE%2C9782917793015\" rel=\"nofollow\">https:\/\/www.renaud-bray.com\/Livres_Produit.aspx?id=998481&#038;def=%C3%8Atre+adulte+%C3%A0+haut+potentiel%2CB%C3%89NARD%2C+ST%C3%89PHANIE%2C9782917793015<\/a><\/p>\n","protected":false},"excerpt":{"rendered":"<p>C&#8217;est un manuel tr\u00e8s document\u00e9 qui laisse une large place aux t\u00e9moignages dans lesquels de nombreux adultes surdou\u00e9s d\u00e9pist\u00e9s ou non se retrouveront et qui leur permettra de partager et de mettre des mots sur ce parcours atypique qui est le leur et sur une souffrance qui pour beaucoup perdure encore.<\/p>\n","protected":false},"featured_media":27677,"template":"","meta":[],"product_brand":[],"product_cat":[1081,1083,1118,1117,1077],"product_tag":[],"class_list":{"0":"post-48126","1":"product","2":"type-product","3":"status-publish","4":"has-post-thumbnail","6":"product_cat-french","7":"product_cat-giftedness","8":"product_cat-popularization","9":"product_cat-testimonial","10":"product_cat-text","12":"first","13":"instock","14":"shipping-taxable","15":"product-type-simple"},"jetpack_sharing_enabled":true,"_links":{"self":[{"href":"https:\/\/edyka.org\/en\/wp-json\/wp\/v2\/product\/48126","targetHints":{"allow":["GET"]}}],"collection":[{"href":"https:\/\/edyka.org\/en\/wp-json\/wp\/v2\/product"}],"about":[{"href":"https:\/\/edyka.org\/en\/wp-json\/wp\/v2\/types\/product"}],"wp:featuredmedia":[{"embeddable":true,"href":"https:\/\/edyka.org\/en\/wp-json\/wp\/v2\/media\/27677"}],"wp:attachment":[{"href":"https:\/\/edyka.org\/en\/wp-json\/wp\/v2\/media?parent=48126"}],"wp:term":[{"taxonomy":"product_brand","embeddable":true,"href":"https:\/\/edyka.org\/en\/wp-json\/wp\/v2\/product_brand?post=48126"},{"taxonomy":"product_cat","embeddable":true,"href":"https:\/\/edyka.org\/en\/wp-json\/wp\/v2\/product_cat?post=48126"},{"taxonomy":"product_tag","embeddable":true,"href":"https:\/\/edyka.org\/en\/wp-json\/wp\/v2\/product_tag?post=48126"}],"curies":[{"name":"wp","href":"https:\/\/api.w.org\/{rel}","templated":true}]}}