{"id":48120,"date":"2025-07-22T10:31:20","date_gmt":"2025-07-22T14:31:20","guid":{"rendered":"https:\/\/edyka.org\/produit\/brainbox\/"},"modified":"2025-07-22T10:31:20","modified_gmt":"2025-07-22T14:31:20","slug":"brainbox","status":"publish","type":"product","link":"https:\/\/edyka.org\/en\/produit\/brainbox\/","title":{"rendered":"BrainBox"},"content":{"rendered":"<p><a href=\"https:\/\/brainboxai.com\/fr\/\" rel=\"nofollow\">https:\/\/brainboxai.com\/fr\/<\/a><\/p>\n","protected":false},"excerpt":{"rendered":"<p>Une s\u00e9rie de jeux de soci\u00e9t\u00e9 qui stimulent la m\u00e9moire, l&#8217;observation et les capacit\u00e9s de r\u00e9flexion des enfants.<\/p>\n","protected":false},"featured_media":37660,"template":"","meta":[],"product_brand":[],"product_cat":[1080,1101,1081,1083,1076,1113],"product_tag":[],"class_list":{"0":"post-48120","1":"product","2":"type-product","3":"status-publish","4":"has-post-thumbnail","6":"product_cat-english","7":"product_cat-enrichment","8":"product_cat-french","9":"product_cat-giftedness","10":"product_cat-physical","11":"product_cat-youth","13":"first","14":"instock","15":"shipping-taxable","16":"product-type-simple"},"jetpack_sharing_enabled":true,"_links":{"self":[{"href":"https:\/\/edyka.org\/en\/wp-json\/wp\/v2\/product\/48120","targetHints":{"allow":["GET"]}}],"collection":[{"href":"https:\/\/edyka.org\/en\/wp-json\/wp\/v2\/product"}],"about":[{"href":"https:\/\/edyka.org\/en\/wp-json\/wp\/v2\/types\/product"}],"wp:featuredmedia":[{"embeddable":true,"href":"https:\/\/edyka.org\/en\/wp-json\/wp\/v2\/media\/37660"}],"wp:attachment":[{"href":"https:\/\/edyka.org\/en\/wp-json\/wp\/v2\/media?parent=48120"}],"wp:term":[{"taxonomy":"product_brand","embeddable":true,"href":"https:\/\/edyka.org\/en\/wp-json\/wp\/v2\/product_brand?post=48120"},{"taxonomy":"product_cat","embeddable":true,"href":"https:\/\/edyka.org\/en\/wp-json\/wp\/v2\/product_cat?post=48120"},{"taxonomy":"product_tag","embeddable":true,"href":"https:\/\/edyka.org\/en\/wp-json\/wp\/v2\/product_tag?post=48120"}],"curies":[{"name":"wp","href":"https:\/\/api.w.org\/{rel}","templated":true}]}}