{"id":48119,"date":"2025-07-22T10:31:20","date_gmt":"2025-07-22T14:31:20","guid":{"rendered":"https:\/\/edyka.org\/produit\/ssead\/"},"modified":"2025-07-22T10:31:20","modified_gmt":"2025-07-22T14:31:20","slug":"ssead","status":"publish","type":"product","link":"https:\/\/edyka.org\/en\/produit\/ssead\/","title":{"rendered":"SSEAD"},"content":{"rendered":"<p><a href=\"https:\/\/ssead.fr\/\" rel=\"nofollow\">https:\/\/ssead.fr\/<\/a><\/p>\n","protected":false},"excerpt":{"rendered":"<p>Notre \u00e9cole hors contrat propose un enseignement progressif et adapt\u00e9 \u00e0 chaque \u00e9l\u00e8ve, avec un volume horaire bien sup\u00e9rieur au cursus classique du secteur public. D\u00e8s le CP, nos \u00e9l\u00e8ves b\u00e9n\u00e9ficient d\u2019un accompagnement renforc\u00e9 avec un minimum de 28 heures par semaine, contre 24 heures en \u00e9cole publique. Ce rythme se poursuit tout au long de la scolarit\u00e9, atteignant jusqu\u2019\u00e0 36 heures en CM1 et CM2, pour pr\u00e9parer efficacement l\u2019entr\u00e9e au coll\u00e8ge.<\/p>\n","protected":false},"featured_media":19292,"template":"","meta":[],"product_brand":[],"product_cat":[1081,1112,1097,1084,1075],"product_tag":[1121],"class_list":{"0":"post-48119","1":"product","2":"type-product","3":"status-publish","4":"has-post-thumbnail","6":"product_cat-french","7":"product_cat-institutional","8":"product_cat-learning","9":"product_cat-neurodiversity-en","10":"product_cat-organization","11":"product_tag-new","13":"first","14":"instock","15":"shipping-taxable","16":"product-type-simple"},"jetpack_sharing_enabled":true,"_links":{"self":[{"href":"https:\/\/edyka.org\/en\/wp-json\/wp\/v2\/product\/48119","targetHints":{"allow":["GET"]}}],"collection":[{"href":"https:\/\/edyka.org\/en\/wp-json\/wp\/v2\/product"}],"about":[{"href":"https:\/\/edyka.org\/en\/wp-json\/wp\/v2\/types\/product"}],"wp:featuredmedia":[{"embeddable":true,"href":"https:\/\/edyka.org\/en\/wp-json\/wp\/v2\/media\/19292"}],"wp:attachment":[{"href":"https:\/\/edyka.org\/en\/wp-json\/wp\/v2\/media?parent=48119"}],"wp:term":[{"taxonomy":"product_brand","embeddable":true,"href":"https:\/\/edyka.org\/en\/wp-json\/wp\/v2\/product_brand?post=48119"},{"taxonomy":"product_cat","embeddable":true,"href":"https:\/\/edyka.org\/en\/wp-json\/wp\/v2\/product_cat?post=48119"},{"taxonomy":"product_tag","embeddable":true,"href":"https:\/\/edyka.org\/en\/wp-json\/wp\/v2\/product_tag?post=48119"}],"curies":[{"name":"wp","href":"https:\/\/api.w.org\/{rel}","templated":true}]}}