{"id":48116,"date":"2025-07-22T10:31:21","date_gmt":"2025-07-22T14:31:21","guid":{"rendered":"https:\/\/edyka.org\/produit\/meconnaissable\/"},"modified":"2025-07-22T10:31:21","modified_gmt":"2025-07-22T14:31:21","slug":"meconnaissable","status":"publish","type":"product","link":"https:\/\/edyka.org\/en\/produit\/meconnaissable\/","title":{"rendered":"M\u00e9connaissable"},"content":{"rendered":"<p><a href=\"http:\/\/www.editions-libreexpression.com\/meconnaissable\/valerie-jessica-laporte\/livre\/9782764813317\" rel=\"nofollow\">http:\/\/www.editions-libreexpression.com\/meconnaissable\/valerie-jessica-laporte\/livre\/9782764813317<\/a><\/p>\n","protected":false},"excerpt":{"rendered":"<p>Une jeune fille vit mal sa diff\u00e9rence, diff\u00e9rence \u00e0 laquelle sa famille refuse de donner un nom. Percevant que ses mots et ses actions font mal aux autres, elle d\u00e9cide de fuguer, de s&#8217;enfermer dans le mutisme, de prendre le temps d&#8217;explorer qui elle pourrait \u00eatre si on ne lui imposait pas autant de limites.La solitude de l&#8217;enfant au cerveau autiste, sa qu\u00eate d&#8217;\u00eatre elle-m\u00eame, sa fa\u00e7on de voir les humains et les choses, dans ses mots<\/p>\n","protected":false},"featured_media":22606,"template":"","meta":[],"product_brand":[],"product_cat":[1087,1081,1077,1113],"product_tag":[],"class_list":{"0":"post-48116","1":"product","2":"type-product","3":"status-publish","4":"has-post-thumbnail","6":"product_cat-asd","7":"product_cat-french","8":"product_cat-text","9":"product_cat-youth","11":"first","12":"instock","13":"shipping-taxable","14":"product-type-simple"},"jetpack_sharing_enabled":true,"_links":{"self":[{"href":"https:\/\/edyka.org\/en\/wp-json\/wp\/v2\/product\/48116","targetHints":{"allow":["GET"]}}],"collection":[{"href":"https:\/\/edyka.org\/en\/wp-json\/wp\/v2\/product"}],"about":[{"href":"https:\/\/edyka.org\/en\/wp-json\/wp\/v2\/types\/product"}],"version-history":[{"count":0,"href":"https:\/\/edyka.org\/en\/wp-json\/wp\/v2\/product\/48116\/revisions"}],"wp:featuredmedia":[{"embeddable":true,"href":"https:\/\/edyka.org\/en\/wp-json\/wp\/v2\/media\/22606"}],"wp:attachment":[{"href":"https:\/\/edyka.org\/en\/wp-json\/wp\/v2\/media?parent=48116"}],"wp:term":[{"taxonomy":"product_brand","embeddable":true,"href":"https:\/\/edyka.org\/en\/wp-json\/wp\/v2\/product_brand?post=48116"},{"taxonomy":"product_cat","embeddable":true,"href":"https:\/\/edyka.org\/en\/wp-json\/wp\/v2\/product_cat?post=48116"},{"taxonomy":"product_tag","embeddable":true,"href":"https:\/\/edyka.org\/en\/wp-json\/wp\/v2\/product_tag?post=48116"}],"curies":[{"name":"wp","href":"https:\/\/api.w.org\/{rel}","templated":true}]}}