{"id":48115,"date":"2025-07-22T10:31:21","date_gmt":"2025-07-22T14:31:21","guid":{"rendered":"https:\/\/edyka.org\/produit\/hqi-et-thqi\/"},"modified":"2026-04-11T21:17:37","modified_gmt":"2026-04-12T01:17:37","slug":"hqi-et-thqi","status":"publish","type":"product","link":"https:\/\/edyka.org\/en\/produit\/hqi-et-thqi\/","title":{"rendered":"HQI et THQI"},"content":{"rendered":"<p><a href=\"https:\/\/docs.google.com\/document\/d\/1VOXuVX98vpFKjUKfDlMc00rlAVApTo99\/edit\" rel=\"nofollow\">https:\/\/docs.google.com\/document\/d\/1VOXuVX98vpFKjUKfDlMc00rlAVApTo99\/edit<\/a><\/p>\n","protected":false},"excerpt":{"rendered":"<p>Cet article explique ce qu&#8217;est le haut quotient ou potentiel intellectuel, ainsi que le tr\u00e8s haut quotient ou potentiel intellectuel. Manifestations, fonctionnement diff\u00e9rent, \u00e9chec scolaire, &#8230;<\/p>\n","protected":false},"featured_media":48893,"template":"","meta":[],"product_brand":[],"product_cat":[1081,1083,1116,1077],"product_tag":[],"class_list":{"0":"post-48115","1":"product","2":"type-product","3":"status-publish","4":"has-post-thumbnail","6":"product_cat-french","7":"product_cat-giftedness","8":"product_cat-scientific","9":"product_cat-text","11":"first","12":"instock","13":"shipping-taxable","14":"product-type-simple"},"jetpack_sharing_enabled":true,"_links":{"self":[{"href":"https:\/\/edyka.org\/en\/wp-json\/wp\/v2\/product\/48115","targetHints":{"allow":["GET"]}}],"collection":[{"href":"https:\/\/edyka.org\/en\/wp-json\/wp\/v2\/product"}],"about":[{"href":"https:\/\/edyka.org\/en\/wp-json\/wp\/v2\/types\/product"}],"wp:featuredmedia":[{"embeddable":true,"href":"https:\/\/edyka.org\/en\/wp-json\/wp\/v2\/media\/48893"}],"wp:attachment":[{"href":"https:\/\/edyka.org\/en\/wp-json\/wp\/v2\/media?parent=48115"}],"wp:term":[{"taxonomy":"product_brand","embeddable":true,"href":"https:\/\/edyka.org\/en\/wp-json\/wp\/v2\/product_brand?post=48115"},{"taxonomy":"product_cat","embeddable":true,"href":"https:\/\/edyka.org\/en\/wp-json\/wp\/v2\/product_cat?post=48115"},{"taxonomy":"product_tag","embeddable":true,"href":"https:\/\/edyka.org\/en\/wp-json\/wp\/v2\/product_tag?post=48115"}],"curies":[{"name":"wp","href":"https:\/\/api.w.org\/{rel}","templated":true}]}}