{"id":48112,"date":"2025-07-22T10:31:22","date_gmt":"2025-07-22T14:31:22","guid":{"rendered":"https:\/\/edyka.org\/produit\/le-livre-de-lenfant-doue\/"},"modified":"2026-04-10T21:27:52","modified_gmt":"2026-04-11T01:27:52","slug":"le-livre-de-lenfant-doue","status":"publish","type":"product","link":"https:\/\/edyka.org\/en\/produit\/le-livre-de-lenfant-doue\/","title":{"rendered":"Le livre de l\u2019enfant dou\u00e9\u00a0"},"content":{"rendered":"<p><a href=\"https:\/\/livre.fnac.com\/a2171853\/Arielle-Adda-Le-livre-de-l-enfant-doue-NE\" rel=\"nofollow\">https:\/\/livre.fnac.com\/a2171853\/Arielle-Adda-Le-livre-de-l-enfant-doue-NE<\/a><\/p>\n","protected":false},"excerpt":{"rendered":"<p>Le livre de l&#8217;enfant dou\u00e9&#8221; est un livre qui s&#8217;adresse aux parents d&#8217;enfants ayant des talents exceptionnels, comme les enfants dou\u00e9s, surdou\u00e9s, pr\u00e9coces ou prometteurs. Il explique les particularit\u00e9s des enfants ayant un haut potentiel intellectuel et les d\u00e9fis qu&#8217;ils peuvent rencontrer dans leur scolarit\u00e9. Il donne des conseils pour les identifier, les accompagner, les \u00e9duquer et les motiver. Il aborde \u00e9galement les difficult\u00e9s que ces enfants peuvent rencontrer dans leur vie personnelle et les cons\u00e9quences possibles sur leur d\u00e9veloppement \u00e9motionnel et social. Il propose des solutions pour adapter l&#8217;\u00e9ducation aux talents et aux besoins de ces enfants.<\/p>\n","protected":false},"featured_media":27667,"template":"","meta":[],"product_brand":[],"product_cat":[1081,1083,1118,1077],"product_tag":[1119],"class_list":{"0":"post-48112","1":"product","2":"type-product","3":"status-publish","4":"has-post-thumbnail","6":"product_cat-french","7":"product_cat-giftedness","8":"product_cat-popularization","9":"product_cat-text","10":"product_tag-editors-pick","12":"first","13":"instock","14":"shipping-taxable","15":"product-type-simple"},"jetpack_sharing_enabled":true,"_links":{"self":[{"href":"https:\/\/edyka.org\/en\/wp-json\/wp\/v2\/product\/48112","targetHints":{"allow":["GET"]}}],"collection":[{"href":"https:\/\/edyka.org\/en\/wp-json\/wp\/v2\/product"}],"about":[{"href":"https:\/\/edyka.org\/en\/wp-json\/wp\/v2\/types\/product"}],"wp:featuredmedia":[{"embeddable":true,"href":"https:\/\/edyka.org\/en\/wp-json\/wp\/v2\/media\/27667"}],"wp:attachment":[{"href":"https:\/\/edyka.org\/en\/wp-json\/wp\/v2\/media?parent=48112"}],"wp:term":[{"taxonomy":"product_brand","embeddable":true,"href":"https:\/\/edyka.org\/en\/wp-json\/wp\/v2\/product_brand?post=48112"},{"taxonomy":"product_cat","embeddable":true,"href":"https:\/\/edyka.org\/en\/wp-json\/wp\/v2\/product_cat?post=48112"},{"taxonomy":"product_tag","embeddable":true,"href":"https:\/\/edyka.org\/en\/wp-json\/wp\/v2\/product_tag?post=48112"}],"curies":[{"name":"wp","href":"https:\/\/api.w.org\/{rel}","templated":true}]}}