{"id":48111,"date":"2025-07-22T10:31:23","date_gmt":"2025-07-22T14:31:23","guid":{"rendered":"https:\/\/edyka.org\/produit\/etre-austiste-et-ado\/"},"modified":"2026-04-10T21:28:44","modified_gmt":"2026-04-11T01:28:44","slug":"etre-austiste-et-ado","status":"publish","type":"product","link":"https:\/\/edyka.org\/en\/produit\/etre-austiste-et-ado\/","title":{"rendered":"\u00catre austiste et ado"},"content":{"rendered":"<p><a href=\"https:\/\/www.miditrente.ca\/fr\/produit\/etre-autiste-et-ado\" rel=\"nofollow\">https:\/\/www.miditrente.ca\/fr\/produit\/etre-autiste-et-ado<\/a><\/p>\n","protected":false},"excerpt":{"rendered":"<p>A mi-chemin entre le guide pratique et le blogue donne une voix \u00e0 un jeune autiste fictif dont les r\u00e9flexions et les pr\u00e9occupations refl\u00e8tent les situations r\u00e9elles v\u00e9cues par les ados autistes<\/p>\n","protected":false},"featured_media":27681,"template":"","meta":[],"product_brand":[],"product_cat":[1087,1081,1118,1077],"product_tag":[],"class_list":{"0":"post-48111","1":"product","2":"type-product","3":"status-publish","4":"has-post-thumbnail","6":"product_cat-asd","7":"product_cat-french","8":"product_cat-popularization","9":"product_cat-text","11":"first","12":"instock","13":"shipping-taxable","14":"product-type-simple"},"jetpack_sharing_enabled":true,"_links":{"self":[{"href":"https:\/\/edyka.org\/en\/wp-json\/wp\/v2\/product\/48111","targetHints":{"allow":["GET"]}}],"collection":[{"href":"https:\/\/edyka.org\/en\/wp-json\/wp\/v2\/product"}],"about":[{"href":"https:\/\/edyka.org\/en\/wp-json\/wp\/v2\/types\/product"}],"wp:featuredmedia":[{"embeddable":true,"href":"https:\/\/edyka.org\/en\/wp-json\/wp\/v2\/media\/27681"}],"wp:attachment":[{"href":"https:\/\/edyka.org\/en\/wp-json\/wp\/v2\/media?parent=48111"}],"wp:term":[{"taxonomy":"product_brand","embeddable":true,"href":"https:\/\/edyka.org\/en\/wp-json\/wp\/v2\/product_brand?post=48111"},{"taxonomy":"product_cat","embeddable":true,"href":"https:\/\/edyka.org\/en\/wp-json\/wp\/v2\/product_cat?post=48111"},{"taxonomy":"product_tag","embeddable":true,"href":"https:\/\/edyka.org\/en\/wp-json\/wp\/v2\/product_tag?post=48111"}],"curies":[{"name":"wp","href":"https:\/\/api.w.org\/{rel}","templated":true}]}}