{"id":48108,"date":"2025-07-22T10:31:23","date_gmt":"2025-07-22T14:31:23","guid":{"rendered":"https:\/\/edyka.org\/produit\/lestime-de-soi-chez-les-enfants-a-haut-potentiel-intellectuel\/"},"modified":"2025-07-22T10:31:23","modified_gmt":"2025-07-22T14:31:23","slug":"lestime-de-soi-chez-les-enfants-a-haut-potentiel-intellectuel","status":"publish","type":"product","link":"https:\/\/edyka.org\/en\/produit\/lestime-de-soi-chez-les-enfants-a-haut-potentiel-intellectuel\/","title":{"rendered":"L\u2019estime de soi chez les enfants \u00e0 haut potentiel intellectuel"},"content":{"rendered":"<p><a href=\"https:\/\/www.researchgate.net\/publication\/361183240_L&#8217;estime_de_soi_des_adolescents_a_haut_potentiel_intellectuel\" rel=\"nofollow\">https:\/\/www.researchgate.net\/publication\/361183240_L&#8217;estime_de_soi_des_adolescents_a_haut_potentiel_intellectuel<\/a><\/p>\n","protected":false},"excerpt":{"rendered":"<p>Cet article souligne les difficult\u00e9s que peuvent rencontrer les enfants \u00e0 haut potentiel intellectuel en termes d&#8217;estime de soi. Ces enfants peuvent se sentir isol\u00e9s et mal compris, et peuvent avoir des difficult\u00e9s \u00e0 s&#8217;adapter \u00e0 leur environnement scolaire et social. Les parents et les enseignants doivent donc \u00eatre sensibles \u00e0 ces besoins et les aider \u00e0 d\u00e9velopper leur confiance en eux-m\u00eames.<\/p>\n","protected":false},"featured_media":16527,"template":"","meta":[],"product_brand":[],"product_cat":[1081,1083,1116,1077],"product_tag":[1119,1121],"class_list":{"0":"post-48108","1":"product","2":"type-product","3":"status-publish","4":"has-post-thumbnail","6":"product_cat-french","7":"product_cat-giftedness","8":"product_cat-scientific","9":"product_cat-text","10":"product_tag-editors-pick","11":"product_tag-new","13":"first","14":"instock","15":"shipping-taxable","16":"product-type-simple"},"jetpack_sharing_enabled":true,"_links":{"self":[{"href":"https:\/\/edyka.org\/en\/wp-json\/wp\/v2\/product\/48108","targetHints":{"allow":["GET"]}}],"collection":[{"href":"https:\/\/edyka.org\/en\/wp-json\/wp\/v2\/product"}],"about":[{"href":"https:\/\/edyka.org\/en\/wp-json\/wp\/v2\/types\/product"}],"wp:featuredmedia":[{"embeddable":true,"href":"https:\/\/edyka.org\/en\/wp-json\/wp\/v2\/media\/16527"}],"wp:attachment":[{"href":"https:\/\/edyka.org\/en\/wp-json\/wp\/v2\/media?parent=48108"}],"wp:term":[{"taxonomy":"product_brand","embeddable":true,"href":"https:\/\/edyka.org\/en\/wp-json\/wp\/v2\/product_brand?post=48108"},{"taxonomy":"product_cat","embeddable":true,"href":"https:\/\/edyka.org\/en\/wp-json\/wp\/v2\/product_cat?post=48108"},{"taxonomy":"product_tag","embeddable":true,"href":"https:\/\/edyka.org\/en\/wp-json\/wp\/v2\/product_tag?post=48108"}],"curies":[{"name":"wp","href":"https:\/\/api.w.org\/{rel}","templated":true}]}}