{"id":48105,"date":"2025-07-22T10:31:24","date_gmt":"2025-07-22T14:31:24","guid":{"rendered":"https:\/\/edyka.org\/produit\/samuser-avec-les-habiletes-sociales-ateliers-pour-enfants-tsa-et-autre-ted\/"},"modified":"2026-04-10T22:00:41","modified_gmt":"2026-04-11T02:00:41","slug":"samuser-avec-les-habiletes-sociales-ateliers-pour-enfants-tsa-et-autre-ted","status":"publish","type":"product","link":"https:\/\/edyka.org\/en\/produit\/samuser-avec-les-habiletes-sociales-ateliers-pour-enfants-tsa-et-autre-ted\/","title":{"rendered":"S&#8217;amuser avec les habilet\u00e9s sociales : ateliers pour enfants TSA et autre TED"},"content":{"rendered":"<p><a href=\"https:\/\/www.decitre.fr\/Livre\/s-amuser-avec-les-habiletes-sociales-9782353272822.html\" rel=\"nofollow\">https:\/\/www.decitre.fr\/Livre\/s-amuser-avec-les-habiletes-sociales-9782353272822.html<\/a><\/p>\n","protected":false},"excerpt":{"rendered":"<p>100 ateliers d&#8217;habilet\u00e9 sociale gr\u00e2ce auxquels le th\u00e9rapeute pourra travailler de fa\u00e7on ludique avec les enfants TSA ou TED. L&#8217;organisation des s\u00e9ances est clairement expliqu\u00e9e pour chacun des ateliers: mat\u00e9riel n\u00e9cessaire, temps \u00e0 pr\u00e9voir, r\u00f4le des participants, etc<\/p>\n","protected":false},"featured_media":37670,"template":"","meta":[],"product_brand":[],"product_cat":[1115,1081,1076,1114,1108],"product_tag":[1120],"class_list":{"0":"post-48105","1":"product","2":"type-product","3":"status-publish","4":"has-post-thumbnail","6":"product_cat-educational","7":"product_cat-french","8":"product_cat-physical","9":"product_cat-practical","10":"product_cat-social-skills","11":"product_tag-teachers","13":"first","14":"instock","15":"shipping-taxable","16":"product-type-simple"},"jetpack_sharing_enabled":true,"_links":{"self":[{"href":"https:\/\/edyka.org\/en\/wp-json\/wp\/v2\/product\/48105","targetHints":{"allow":["GET"]}}],"collection":[{"href":"https:\/\/edyka.org\/en\/wp-json\/wp\/v2\/product"}],"about":[{"href":"https:\/\/edyka.org\/en\/wp-json\/wp\/v2\/types\/product"}],"wp:featuredmedia":[{"embeddable":true,"href":"https:\/\/edyka.org\/en\/wp-json\/wp\/v2\/media\/37670"}],"wp:attachment":[{"href":"https:\/\/edyka.org\/en\/wp-json\/wp\/v2\/media?parent=48105"}],"wp:term":[{"taxonomy":"product_brand","embeddable":true,"href":"https:\/\/edyka.org\/en\/wp-json\/wp\/v2\/product_brand?post=48105"},{"taxonomy":"product_cat","embeddable":true,"href":"https:\/\/edyka.org\/en\/wp-json\/wp\/v2\/product_cat?post=48105"},{"taxonomy":"product_tag","embeddable":true,"href":"https:\/\/edyka.org\/en\/wp-json\/wp\/v2\/product_tag?post=48105"}],"curies":[{"name":"wp","href":"https:\/\/api.w.org\/{rel}","templated":true}]}}