{"id":48102,"date":"2025-07-22T10:32:01","date_gmt":"2025-07-22T14:32:01","guid":{"rendered":"https:\/\/edyka.org\/produit\/meditation-enfants-decouvre-ta-salle-des-reves\/"},"modified":"2025-07-22T10:32:01","modified_gmt":"2025-07-22T14:32:01","slug":"meditation-enfants-decouvre-ta-salle-des-reves","status":"publish","type":"product","link":"https:\/\/edyka.org\/en\/produit\/meditation-enfants-decouvre-ta-salle-des-reves\/","title":{"rendered":"M\u00e9ditation enfants\u00a0: D\u00e9couvre ta salle des r\u00eaves"},"content":{"rendered":"<p><a href=\"https:\/\/www.youtube.com\/watch?v=3Hl8TKZYQbY&#038;pp=ygUOI3NhbGxlZGVyw6p2ZXM%3D\" rel=\"nofollow\">https:\/\/www.youtube.com\/watch?v=3Hl8TKZYQbY&#038;pp=ygUOI3NhbGxlZGVyw6p2ZXM%3D<\/a><\/p>\n","protected":false},"excerpt":{"rendered":"<p>Introduction \u00e0 la d\u00e9tente pour ouvrir l\u2019imaginaire de l\u2019enfant, le reconnecter \u00e0 sa \u00ab partie qui sait tout \u00bb et \u00e9couter ou inventer les contes positifs qui seront cr\u00e9\u00e9s \u00e0 l\u2019aide du coffret des Cartes cr\u00e9atives (Courrier du livre 2015). En s\u2019identifiant aux h\u00e9ros qu\u2019il invente, l\u2019enfant rejoue intuitivement les sc\u00e8nes de sa vie qu\u2019il souhaite mieux ma\u00eetriser, \u00e9largissant ainsi l\u2019\u00e9ventail des possibles pour trouver de nouvelles solutions et se projeter dans de futures exp\u00e9riences de vie avec plus d\u2019assurance et d\u2019autonomie.<br \/>\nChaque carte est porteuse d\u2019une symbolique puissante dont l\u2019impact est compris par l\u2019inconscient de l\u2019enfant. Cette \u00ab partie qui sait tout \u00bb saura activer dans la vie r\u00e9elle la solution qui aura \u00e9merg<\/p>\n","protected":false},"featured_media":37672,"template":"","meta":[],"product_brand":[],"product_cat":[1106,1081,1114,1078],"product_tag":[],"class_list":{"0":"post-48102","1":"product","2":"type-product","3":"status-publish","4":"has-post-thumbnail","6":"product_cat-anxiety","7":"product_cat-french","8":"product_cat-practical","9":"product_cat-video-en","11":"first","12":"instock","13":"shipping-taxable","14":"product-type-simple"},"jetpack_sharing_enabled":true,"_links":{"self":[{"href":"https:\/\/edyka.org\/en\/wp-json\/wp\/v2\/product\/48102","targetHints":{"allow":["GET"]}}],"collection":[{"href":"https:\/\/edyka.org\/en\/wp-json\/wp\/v2\/product"}],"about":[{"href":"https:\/\/edyka.org\/en\/wp-json\/wp\/v2\/types\/product"}],"wp:featuredmedia":[{"embeddable":true,"href":"https:\/\/edyka.org\/en\/wp-json\/wp\/v2\/media\/37672"}],"wp:attachment":[{"href":"https:\/\/edyka.org\/en\/wp-json\/wp\/v2\/media?parent=48102"}],"wp:term":[{"taxonomy":"product_brand","embeddable":true,"href":"https:\/\/edyka.org\/en\/wp-json\/wp\/v2\/product_brand?post=48102"},{"taxonomy":"product_cat","embeddable":true,"href":"https:\/\/edyka.org\/en\/wp-json\/wp\/v2\/product_cat?post=48102"},{"taxonomy":"product_tag","embeddable":true,"href":"https:\/\/edyka.org\/en\/wp-json\/wp\/v2\/product_tag?post=48102"}],"curies":[{"name":"wp","href":"https:\/\/api.w.org\/{rel}","templated":true}]}}