{"id":48100,"date":"2025-07-22T10:32:11","date_gmt":"2025-07-22T14:32:11","guid":{"rendered":"https:\/\/edyka.org\/produit\/abmath\/"},"modified":"2025-07-22T10:32:11","modified_gmt":"2025-07-22T14:32:11","slug":"abmath","status":"publish","type":"product","link":"https:\/\/edyka.org\/en\/produit\/abmath\/","title":{"rendered":"ABMath"},"content":{"rendered":"<p><a href=\"https:\/\/apps.apple.com\/fr\/app\/ab-math-lite-jeux-enfants\/id422125323\" rel=\"nofollow\">https:\/\/apps.apple.com\/fr\/app\/ab-math-lite-jeux-enfants\/id422125323<\/a><\/p>\n","protected":false},"excerpt":{"rendered":"<p>Jeu de calcul mental : les 4 op\u00e9rations avec diff\u00e9rents niveauxde difficult\u00e9Il existe de nombreuses applications de calcul mental. <\/p>\n","protected":false},"featured_media":37654,"template":"","meta":[],"product_brand":[],"product_cat":[1081,1074,1097,1114,1113],"product_tag":[],"class_list":{"0":"post-48100","1":"product","2":"type-product","3":"status-publish","4":"has-post-thumbnail","6":"product_cat-french","7":"product_cat-interactive","8":"product_cat-learning","9":"product_cat-practical","10":"product_cat-youth","12":"first","13":"instock","14":"shipping-taxable","15":"product-type-simple"},"jetpack_sharing_enabled":true,"_links":{"self":[{"href":"https:\/\/edyka.org\/en\/wp-json\/wp\/v2\/product\/48100","targetHints":{"allow":["GET"]}}],"collection":[{"href":"https:\/\/edyka.org\/en\/wp-json\/wp\/v2\/product"}],"about":[{"href":"https:\/\/edyka.org\/en\/wp-json\/wp\/v2\/types\/product"}],"version-history":[{"count":0,"href":"https:\/\/edyka.org\/en\/wp-json\/wp\/v2\/product\/48100\/revisions"}],"wp:featuredmedia":[{"embeddable":true,"href":"https:\/\/edyka.org\/en\/wp-json\/wp\/v2\/media\/37654"}],"wp:attachment":[{"href":"https:\/\/edyka.org\/en\/wp-json\/wp\/v2\/media?parent=48100"}],"wp:term":[{"taxonomy":"product_brand","embeddable":true,"href":"https:\/\/edyka.org\/en\/wp-json\/wp\/v2\/product_brand?post=48100"},{"taxonomy":"product_cat","embeddable":true,"href":"https:\/\/edyka.org\/en\/wp-json\/wp\/v2\/product_cat?post=48100"},{"taxonomy":"product_tag","embeddable":true,"href":"https:\/\/edyka.org\/en\/wp-json\/wp\/v2\/product_tag?post=48100"}],"curies":[{"name":"wp","href":"https:\/\/api.w.org\/{rel}","templated":true}]}}