{"id":48098,"date":"2025-07-22T10:32:14","date_gmt":"2025-07-22T14:32:14","guid":{"rendered":"https:\/\/edyka.org\/produit\/pistes-daccompagnements-des-eleves-a-haut-potentiel-avec-des-difficultes-scolaires\/"},"modified":"2025-07-22T10:32:14","modified_gmt":"2025-07-22T14:32:14","slug":"pistes-daccompagnements-des-eleves-a-haut-potentiel-avec-des-difficultes-scolaires","status":"publish","type":"product","link":"https:\/\/edyka.org\/en\/produit\/pistes-daccompagnements-des-eleves-a-haut-potentiel-avec-des-difficultes-scolaires\/","title":{"rendered":"Pistes d\u2019accompagnements des \u00c9l\u00e8ves \u00e0 Haut Potentiel avec des difficult\u00e9s scolaires"},"content":{"rendered":"<p><a href=\"https:\/\/docs.wixstatic.com\/ugd\/57b7c6_5bdf25c8e9c94c978fb5972c5b961942.pdf?index=true\" rel=\"nofollow\">https:\/\/docs.wixstatic.com\/ugd\/57b7c6_5bdf25c8e9c94c978fb5972c5b961942.pdf?index=true<\/a><\/p>\n","protected":false},"excerpt":{"rendered":"<p>Cet article met en avant l&#8217;importance de reconna\u00eetre les \u00e9l\u00e8ves \u00e0 haut potentiel qui ont des difficult\u00e9s scolaires et de les accompagner de mani\u00e8re adapt\u00e9e. Il est recommand\u00e9 de mettre en place des p\u00e9dagogies diff\u00e9renci\u00e9es, de favoriser les projets et la pratique de l&#8217;autonomie, de stimuler la motivation et l&#8217;engagement des \u00e9l\u00e8ves et de travailler en \u00e9troite collaboration avec les parents. Il est \u00e9galement important de sensibiliser les enseignants \u00e0 cette probl\u00e9matique pour qu&#8217;ils puissent identifier les \u00e9l\u00e8ves concern\u00e9s et les accompagner efficacement.<\/p>\n","protected":false},"featured_media":16527,"template":"","meta":[],"product_brand":[],"product_cat":[1115,1081,1083,1118,1077],"product_tag":[1120],"class_list":{"0":"post-48098","1":"product","2":"type-product","3":"status-publish","4":"has-post-thumbnail","6":"product_cat-educational","7":"product_cat-french","8":"product_cat-giftedness","9":"product_cat-popularization","10":"product_cat-text","11":"product_tag-teachers","13":"first","14":"instock","15":"shipping-taxable","16":"product-type-simple"},"jetpack_sharing_enabled":true,"_links":{"self":[{"href":"https:\/\/edyka.org\/en\/wp-json\/wp\/v2\/product\/48098","targetHints":{"allow":["GET"]}}],"collection":[{"href":"https:\/\/edyka.org\/en\/wp-json\/wp\/v2\/product"}],"about":[{"href":"https:\/\/edyka.org\/en\/wp-json\/wp\/v2\/types\/product"}],"version-history":[{"count":0,"href":"https:\/\/edyka.org\/en\/wp-json\/wp\/v2\/product\/48098\/revisions"}],"wp:featuredmedia":[{"embeddable":true,"href":"https:\/\/edyka.org\/en\/wp-json\/wp\/v2\/media\/16527"}],"wp:attachment":[{"href":"https:\/\/edyka.org\/en\/wp-json\/wp\/v2\/media?parent=48098"}],"wp:term":[{"taxonomy":"product_brand","embeddable":true,"href":"https:\/\/edyka.org\/en\/wp-json\/wp\/v2\/product_brand?post=48098"},{"taxonomy":"product_cat","embeddable":true,"href":"https:\/\/edyka.org\/en\/wp-json\/wp\/v2\/product_cat?post=48098"},{"taxonomy":"product_tag","embeddable":true,"href":"https:\/\/edyka.org\/en\/wp-json\/wp\/v2\/product_tag?post=48098"}],"curies":[{"name":"wp","href":"https:\/\/api.w.org\/{rel}","templated":true}]}}