{"id":48097,"date":"2025-07-22T10:32:15","date_gmt":"2025-07-22T14:32:15","guid":{"rendered":"https:\/\/edyka.org\/produit\/institut-des-troubles-dapprentissages\/"},"modified":"2025-07-22T10:32:15","modified_gmt":"2025-07-22T14:32:15","slug":"institut-des-troubles-dapprentissages","status":"publish","type":"product","link":"https:\/\/edyka.org\/en\/produit\/institut-des-troubles-dapprentissages\/","title":{"rendered":"Institut des troubles d&#8217;apprentissages"},"content":{"rendered":"<p><a href=\"https:\/\/www.institutta.com\/\" rel=\"nofollow\">https:\/\/www.institutta.com\/<\/a><\/p>\n","protected":false},"excerpt":{"rendered":"<p>Le site internet &#8220;Institut des troubles d&#8217;apprentissages&#8221; est un site consacr\u00e9 aux troubles d&#8217;apprentissage tels que la dyslexie, la dyscalculie, la dyspraxie, etc. Il propose des informations sur les diff\u00e9rents troubles, des conseils pour aider les enfants atteints de ces troubles \u00e0 apprendre, ainsi que des ressources pour les parents et les enseignants. Il offre \u00e9galement des services tels que des evaluations et des interventions adapt\u00e9es pour aider les enfants \u00e0 surmonter leurs difficult\u00e9s d&#8217;apprentissage.<\/p>\n","protected":false},"featured_media":37654,"template":"","meta":[],"product_brand":[],"product_cat":[1081,1112,1075,1102],"product_tag":[1119,1120],"class_list":{"0":"post-48097","1":"product","2":"type-product","3":"status-publish","4":"has-post-thumbnail","6":"product_cat-french","7":"product_cat-institutional","8":"product_cat-organization","9":"product_cat-tools","10":"product_tag-editors-pick","11":"product_tag-teachers","13":"first","14":"instock","15":"shipping-taxable","16":"product-type-simple"},"jetpack_sharing_enabled":true,"_links":{"self":[{"href":"https:\/\/edyka.org\/en\/wp-json\/wp\/v2\/product\/48097","targetHints":{"allow":["GET"]}}],"collection":[{"href":"https:\/\/edyka.org\/en\/wp-json\/wp\/v2\/product"}],"about":[{"href":"https:\/\/edyka.org\/en\/wp-json\/wp\/v2\/types\/product"}],"wp:featuredmedia":[{"embeddable":true,"href":"https:\/\/edyka.org\/en\/wp-json\/wp\/v2\/media\/37654"}],"wp:attachment":[{"href":"https:\/\/edyka.org\/en\/wp-json\/wp\/v2\/media?parent=48097"}],"wp:term":[{"taxonomy":"product_brand","embeddable":true,"href":"https:\/\/edyka.org\/en\/wp-json\/wp\/v2\/product_brand?post=48097"},{"taxonomy":"product_cat","embeddable":true,"href":"https:\/\/edyka.org\/en\/wp-json\/wp\/v2\/product_cat?post=48097"},{"taxonomy":"product_tag","embeddable":true,"href":"https:\/\/edyka.org\/en\/wp-json\/wp\/v2\/product_tag?post=48097"}],"curies":[{"name":"wp","href":"https:\/\/api.w.org\/{rel}","templated":true}]}}