{"id":48092,"date":"2025-07-22T10:32:16","date_gmt":"2025-07-22T14:32:16","guid":{"rendered":"https:\/\/edyka.org\/produit\/il-etait-une-fois-maestro\/"},"modified":"2025-07-22T10:32:16","modified_gmt":"2025-07-22T14:32:16","slug":"il-etait-une-fois-maestro","status":"publish","type":"product","link":"https:\/\/edyka.org\/en\/produit\/il-etait-une-fois-maestro\/","title":{"rendered":"il \u00e9tait une fois maestro"},"content":{"rendered":"<p><a href=\"https:\/\/www.youtube.com\/user\/procidis\/videos\" rel=\"nofollow\">https:\/\/www.youtube.com\/user\/procidis\/videos<\/a><\/p>\n","protected":false},"excerpt":{"rendered":"<p>Vid\u00e9os La chaine officielle de toutes les s\u00e9ries &#8220;Il \u00e9tait une fois&#8230;&#8221; !<br \/>\nSuivez les aventures de Maestro, le c\u00e9l\u00e8bre personnage \u00e0 la longue barbe blanche qui vous pr\u00e9sentera L&#8217;Homme, L&#8217;Espace, La Vie, Les Am\u00e9riques, Les D\u00e9couvreurs, Les Explorateurs, Notre Terre, et Solar Impulse\u2026 <\/p>\n","protected":false},"featured_media":37654,"template":"","meta":[],"product_brand":[],"product_cat":[1081,1097,1078,1113],"product_tag":[],"class_list":{"0":"post-48092","1":"product","2":"type-product","3":"status-publish","4":"has-post-thumbnail","6":"product_cat-french","7":"product_cat-learning","8":"product_cat-video-en","9":"product_cat-youth","11":"first","12":"instock","13":"shipping-taxable","14":"product-type-simple"},"jetpack_sharing_enabled":true,"_links":{"self":[{"href":"https:\/\/edyka.org\/en\/wp-json\/wp\/v2\/product\/48092","targetHints":{"allow":["GET"]}}],"collection":[{"href":"https:\/\/edyka.org\/en\/wp-json\/wp\/v2\/product"}],"about":[{"href":"https:\/\/edyka.org\/en\/wp-json\/wp\/v2\/types\/product"}],"wp:featuredmedia":[{"embeddable":true,"href":"https:\/\/edyka.org\/en\/wp-json\/wp\/v2\/media\/37654"}],"wp:attachment":[{"href":"https:\/\/edyka.org\/en\/wp-json\/wp\/v2\/media?parent=48092"}],"wp:term":[{"taxonomy":"product_brand","embeddable":true,"href":"https:\/\/edyka.org\/en\/wp-json\/wp\/v2\/product_brand?post=48092"},{"taxonomy":"product_cat","embeddable":true,"href":"https:\/\/edyka.org\/en\/wp-json\/wp\/v2\/product_cat?post=48092"},{"taxonomy":"product_tag","embeddable":true,"href":"https:\/\/edyka.org\/en\/wp-json\/wp\/v2\/product_tag?post=48092"}],"curies":[{"name":"wp","href":"https:\/\/api.w.org\/{rel}","templated":true}]}}