{"id":48089,"date":"2025-07-22T10:32:17","date_gmt":"2025-07-22T14:32:17","guid":{"rendered":"https:\/\/edyka.org\/produit\/soutien-pedagogique-specialise\/"},"modified":"2025-07-22T10:32:17","modified_gmt":"2025-07-22T14:32:17","slug":"soutien-pedagogique-specialise","status":"publish","type":"product","link":"https:\/\/edyka.org\/en\/produit\/soutien-pedagogique-specialise\/","title":{"rendered":"Soutien pedagogique specialis\u00e9"},"content":{"rendered":"<p><a href=\"https:\/\/www.spsressources.ch\/wordpress\/\" rel=\"nofollow\">https:\/\/www.spsressources.ch\/wordpress\/<\/a><\/p>\n","protected":false},"excerpt":{"rendered":"<p>Ressources pour le soutien p\u00e9dagogique sp\u00e9cialis\u00e9<\/p>\n","protected":false},"featured_media":23665,"template":"","meta":[],"product_brand":[],"product_cat":[1081,1074,1114,1102],"product_tag":[1120],"class_list":{"0":"post-48089","1":"product","2":"type-product","3":"status-publish","4":"has-post-thumbnail","6":"product_cat-french","7":"product_cat-interactive","8":"product_cat-practical","9":"product_cat-tools","10":"product_tag-teachers","12":"first","13":"instock","14":"shipping-taxable","15":"product-type-simple"},"jetpack_sharing_enabled":true,"_links":{"self":[{"href":"https:\/\/edyka.org\/en\/wp-json\/wp\/v2\/product\/48089","targetHints":{"allow":["GET"]}}],"collection":[{"href":"https:\/\/edyka.org\/en\/wp-json\/wp\/v2\/product"}],"about":[{"href":"https:\/\/edyka.org\/en\/wp-json\/wp\/v2\/types\/product"}],"wp:featuredmedia":[{"embeddable":true,"href":"https:\/\/edyka.org\/en\/wp-json\/wp\/v2\/media\/23665"}],"wp:attachment":[{"href":"https:\/\/edyka.org\/en\/wp-json\/wp\/v2\/media?parent=48089"}],"wp:term":[{"taxonomy":"product_brand","embeddable":true,"href":"https:\/\/edyka.org\/en\/wp-json\/wp\/v2\/product_brand?post=48089"},{"taxonomy":"product_cat","embeddable":true,"href":"https:\/\/edyka.org\/en\/wp-json\/wp\/v2\/product_cat?post=48089"},{"taxonomy":"product_tag","embeddable":true,"href":"https:\/\/edyka.org\/en\/wp-json\/wp\/v2\/product_tag?post=48089"}],"curies":[{"name":"wp","href":"https:\/\/api.w.org\/{rel}","templated":true}]}}