{"id":48086,"date":"2025-07-22T10:32:19","date_gmt":"2025-07-22T14:32:19","guid":{"rendered":"https:\/\/edyka.org\/produit\/dyslexie-dysorthographie-amenagements-version-2\/"},"modified":"2025-07-22T10:32:19","modified_gmt":"2025-07-22T14:32:19","slug":"dyslexie-dysorthographie-amenagements-version-2","status":"publish","type":"product","link":"https:\/\/edyka.org\/en\/produit\/dyslexie-dysorthographie-amenagements-version-2\/","title":{"rendered":"Dyslexie, dysorthographie &#8211; am\u00e9nagements version 2"},"content":{"rendered":"<p><a href=\"https:\/\/youtube.com\/watch?v=U6yx1gwkOUc%3Frel%3D0\" rel=\"nofollow\">https:\/\/youtube.com\/watch?v=U6yx1gwkOUc%3Frel%3D0<\/a><\/p>\n","protected":false},"excerpt":{"rendered":"<p>Cette courte vid\u00e9o donne des conseils pratiques aux jeunes ayant des troubles DYS (dyslexie, disorthographie). Diff\u00e9rents am\u00e9nagements sont propos\u00e9s.<\/p>\n","protected":false},"featured_media":37650,"template":"","meta":[],"product_brand":[],"product_cat":[1092,1081,1097,1118,1078],"product_tag":[],"class_list":{"0":"post-48086","1":"product","2":"type-product","3":"status-publish","4":"has-post-thumbnail","6":"product_cat-dysorthographia","7":"product_cat-french","8":"product_cat-learning","9":"product_cat-popularization","10":"product_cat-video-en","12":"first","13":"instock","14":"shipping-taxable","15":"product-type-simple"},"jetpack_sharing_enabled":true,"_links":{"self":[{"href":"https:\/\/edyka.org\/en\/wp-json\/wp\/v2\/product\/48086","targetHints":{"allow":["GET"]}}],"collection":[{"href":"https:\/\/edyka.org\/en\/wp-json\/wp\/v2\/product"}],"about":[{"href":"https:\/\/edyka.org\/en\/wp-json\/wp\/v2\/types\/product"}],"wp:featuredmedia":[{"embeddable":true,"href":"https:\/\/edyka.org\/en\/wp-json\/wp\/v2\/media\/37650"}],"wp:attachment":[{"href":"https:\/\/edyka.org\/en\/wp-json\/wp\/v2\/media?parent=48086"}],"wp:term":[{"taxonomy":"product_brand","embeddable":true,"href":"https:\/\/edyka.org\/en\/wp-json\/wp\/v2\/product_brand?post=48086"},{"taxonomy":"product_cat","embeddable":true,"href":"https:\/\/edyka.org\/en\/wp-json\/wp\/v2\/product_cat?post=48086"},{"taxonomy":"product_tag","embeddable":true,"href":"https:\/\/edyka.org\/en\/wp-json\/wp\/v2\/product_tag?post=48086"}],"curies":[{"name":"wp","href":"https:\/\/api.w.org\/{rel}","templated":true}]}}