{"id":48083,"date":"2025-07-22T10:32:20","date_gmt":"2025-07-22T14:32:20","guid":{"rendered":"https:\/\/edyka.org\/produit\/schoolmouv\/"},"modified":"2025-07-22T10:32:20","modified_gmt":"2025-07-22T14:32:20","slug":"schoolmouv","status":"publish","type":"product","link":"https:\/\/edyka.org\/en\/produit\/schoolmouv\/","title":{"rendered":"Schoolmouv"},"content":{"rendered":"<p><a href=\"https:\/\/www.schoolmouv.fr\/professeur\" rel=\"nofollow\">https:\/\/www.schoolmouv.fr\/professeur<\/a><\/p>\n","protected":false},"excerpt":{"rendered":"<p>SCHOOLMOUV propose des ressources p\u00e9dagogiques gratuites pour les enseignants (niveau coll\u00e8ge et lyc\u00e9e)<\/p>\n","protected":false},"featured_media":37654,"template":"","meta":[],"product_brand":[],"product_cat":[1081,1114,1077,1102],"product_tag":[],"class_list":{"0":"post-48083","1":"product","2":"type-product","3":"status-publish","4":"has-post-thumbnail","6":"product_cat-french","7":"product_cat-practical","8":"product_cat-text","9":"product_cat-tools","11":"first","12":"instock","13":"shipping-taxable","14":"product-type-simple"},"jetpack_sharing_enabled":true,"_links":{"self":[{"href":"https:\/\/edyka.org\/en\/wp-json\/wp\/v2\/product\/48083","targetHints":{"allow":["GET"]}}],"collection":[{"href":"https:\/\/edyka.org\/en\/wp-json\/wp\/v2\/product"}],"about":[{"href":"https:\/\/edyka.org\/en\/wp-json\/wp\/v2\/types\/product"}],"version-history":[{"count":0,"href":"https:\/\/edyka.org\/en\/wp-json\/wp\/v2\/product\/48083\/revisions"}],"wp:featuredmedia":[{"embeddable":true,"href":"https:\/\/edyka.org\/en\/wp-json\/wp\/v2\/media\/37654"}],"wp:attachment":[{"href":"https:\/\/edyka.org\/en\/wp-json\/wp\/v2\/media?parent=48083"}],"wp:term":[{"taxonomy":"product_brand","embeddable":true,"href":"https:\/\/edyka.org\/en\/wp-json\/wp\/v2\/product_brand?post=48083"},{"taxonomy":"product_cat","embeddable":true,"href":"https:\/\/edyka.org\/en\/wp-json\/wp\/v2\/product_cat?post=48083"},{"taxonomy":"product_tag","embeddable":true,"href":"https:\/\/edyka.org\/en\/wp-json\/wp\/v2\/product_tag?post=48083"}],"curies":[{"name":"wp","href":"https:\/\/api.w.org\/{rel}","templated":true}]}}