{"id":48082,"date":"2025-07-22T10:32:20","date_gmt":"2025-07-22T14:32:20","guid":{"rendered":"https:\/\/edyka.org\/produit\/ouvrir-son-coeur\/"},"modified":"2025-07-22T10:32:20","modified_gmt":"2025-07-22T14:32:20","slug":"ouvrir-son-coeur","status":"publish","type":"product","link":"https:\/\/edyka.org\/en\/produit\/ouvrir-son-coeur\/","title":{"rendered":"Ouvrir son coeur"},"content":{"rendered":"<p><a href=\"https:\/\/lequartanier.com\/parution\/426\/alexie-morin-ouvrir-son-coeur\" rel=\"nofollow\">https:\/\/lequartanier.com\/parution\/426\/alexie-morin-ouvrir-son-coeur<\/a><\/p>\n","protected":false},"excerpt":{"rendered":"<p>Ce livre raconte des morceaux de ma vie, la solitude d\u2019une enfant, l\u2019\u00e9cole peupl\u00e9e de camarades qui savaient comment \u00eatre des enfants, comment \u00eatre un groupe, alors que je ne savais pas, la peur, l\u2019amiti\u00e9 fusionnelle et jalouse avec une petite fille lumineuse. Il raconte une adolescence atrabilaire et secr\u00e8te. <\/p>\n","protected":false},"featured_media":22624,"template":"","meta":[],"product_brand":[],"product_cat":[1081,1104,1077,1113],"product_tag":[],"class_list":{"0":"post-48082","1":"product","2":"type-product","3":"status-publish","4":"has-post-thumbnail","6":"product_cat-french","7":"product_cat-social-emotional","8":"product_cat-text","9":"product_cat-youth","11":"first","12":"instock","13":"shipping-taxable","14":"product-type-simple"},"jetpack_sharing_enabled":true,"_links":{"self":[{"href":"https:\/\/edyka.org\/en\/wp-json\/wp\/v2\/product\/48082","targetHints":{"allow":["GET"]}}],"collection":[{"href":"https:\/\/edyka.org\/en\/wp-json\/wp\/v2\/product"}],"about":[{"href":"https:\/\/edyka.org\/en\/wp-json\/wp\/v2\/types\/product"}],"wp:featuredmedia":[{"embeddable":true,"href":"https:\/\/edyka.org\/en\/wp-json\/wp\/v2\/media\/22624"}],"wp:attachment":[{"href":"https:\/\/edyka.org\/en\/wp-json\/wp\/v2\/media?parent=48082"}],"wp:term":[{"taxonomy":"product_brand","embeddable":true,"href":"https:\/\/edyka.org\/en\/wp-json\/wp\/v2\/product_brand?post=48082"},{"taxonomy":"product_cat","embeddable":true,"href":"https:\/\/edyka.org\/en\/wp-json\/wp\/v2\/product_cat?post=48082"},{"taxonomy":"product_tag","embeddable":true,"href":"https:\/\/edyka.org\/en\/wp-json\/wp\/v2\/product_tag?post=48082"}],"curies":[{"name":"wp","href":"https:\/\/api.w.org\/{rel}","templated":true}]}}