{"id":48081,"date":"2025-07-22T10:32:20","date_gmt":"2025-07-22T14:32:20","guid":{"rendered":"https:\/\/edyka.org\/produit\/la-grande-histoire-de-pomme-dapi\/"},"modified":"2025-07-22T10:32:20","modified_gmt":"2025-07-22T14:32:20","slug":"la-grande-histoire-de-pomme-dapi","status":"publish","type":"product","link":"https:\/\/edyka.org\/en\/produit\/la-grande-histoire-de-pomme-dapi\/","title":{"rendered":"La grande histoire de pomme d&#8217;api"},"content":{"rendered":"<p><a href=\"https:\/\/podcast.ausha.co\/la-grande-histoire-de-pomme-d-api\" rel=\"nofollow\">https:\/\/podcast.ausha.co\/la-grande-histoire-de-pomme-d-api<\/a><\/p>\n","protected":false},"excerpt":{"rendered":"<p>Les plus belles histoires pour enfants du magazine Pomme d&#8217;Api<br \/>\nChaque mois, les enfants vont \u00e9couter la grande histoire qui est publi\u00e9e dans le magazine Pomme d&#8217;Api.  Surprise, audace, humour, tendresse et gaiet\u00e9, ces histoires sont \u00e9crites par des auteurs et lues par des vrais parents, comme vous !<\/p>\n","protected":false},"featured_media":34930,"template":"","meta":[],"product_brand":[],"product_cat":[1081,1074,1097,1113],"product_tag":[],"class_list":{"0":"post-48081","1":"product","2":"type-product","3":"status-publish","4":"has-post-thumbnail","6":"product_cat-french","7":"product_cat-interactive","8":"product_cat-learning","9":"product_cat-youth","11":"first","12":"instock","13":"shipping-taxable","14":"product-type-simple"},"jetpack_sharing_enabled":true,"_links":{"self":[{"href":"https:\/\/edyka.org\/en\/wp-json\/wp\/v2\/product\/48081","targetHints":{"allow":["GET"]}}],"collection":[{"href":"https:\/\/edyka.org\/en\/wp-json\/wp\/v2\/product"}],"about":[{"href":"https:\/\/edyka.org\/en\/wp-json\/wp\/v2\/types\/product"}],"wp:featuredmedia":[{"embeddable":true,"href":"https:\/\/edyka.org\/en\/wp-json\/wp\/v2\/media\/34930"}],"wp:attachment":[{"href":"https:\/\/edyka.org\/en\/wp-json\/wp\/v2\/media?parent=48081"}],"wp:term":[{"taxonomy":"product_brand","embeddable":true,"href":"https:\/\/edyka.org\/en\/wp-json\/wp\/v2\/product_brand?post=48081"},{"taxonomy":"product_cat","embeddable":true,"href":"https:\/\/edyka.org\/en\/wp-json\/wp\/v2\/product_cat?post=48081"},{"taxonomy":"product_tag","embeddable":true,"href":"https:\/\/edyka.org\/en\/wp-json\/wp\/v2\/product_tag?post=48081"}],"curies":[{"name":"wp","href":"https:\/\/api.w.org\/{rel}","templated":true}]}}