{"id":48080,"date":"2025-07-22T10:32:21","date_gmt":"2025-07-22T14:32:21","guid":{"rendered":"https:\/\/edyka.org\/produit\/brain-pop\/"},"modified":"2025-07-22T10:32:21","modified_gmt":"2025-07-22T14:32:21","slug":"brain-pop","status":"publish","type":"product","link":"https:\/\/edyka.org\/en\/produit\/brain-pop\/","title":{"rendered":"Brain pop"},"content":{"rendered":"<p><a href=\"https:\/\/fr.brainpop.com\/sciencesdelaterre\/recherchescientifique\/exposesscientifiques\/\" rel=\"nofollow\">https:\/\/fr.brainpop.com\/sciencesdelaterre\/recherchescientifique\/exposesscientifiques\/<\/a><\/p>\n","protected":false},"excerpt":{"rendered":"<p>Tu as un super expos\u00e9 \u00e0 faire ou un projet scientifique \u00e0 pr\u00e9senter ? Thomas et Moby te r\u00e9v\u00e8lent les secrets d\u2019un projet scientifique r\u00e9ussi. Dans ce film BrainPOP, tu d\u00e9couvriras quelles ressources documentaires peuvent t\u2019aider \u00e0 choisir un projet et quelles sortes de questions tu devrais te poser. Tu apprendras aussi comment formuler et utiliser une hypoth\u00e8se, quelles sont les \u00e9tapes de la m\u00e9thode scientifique que tu dois suivre et ce que tu dois faire si tu n&#8217;arrives pas \u00e0 conclusion que tu attendais. Enfin, Thomas et Moby te montreront comment r\u00e9aliser une affiche de pr\u00e9sentation et te donneront des conseils pour rendre ton projet captivant, int\u00e9ressant et esth\u00e9tique. Qui a dit que les sciences n\u2019\u00e9taient pas amusantes ?<\/p>\n","protected":false},"featured_media":37654,"template":"","meta":[],"product_brand":[],"product_cat":[1101,1081,1083,1074,1113],"product_tag":[],"class_list":{"0":"post-48080","1":"product","2":"type-product","3":"status-publish","4":"has-post-thumbnail","6":"product_cat-enrichment","7":"product_cat-french","8":"product_cat-giftedness","9":"product_cat-interactive","10":"product_cat-youth","12":"first","13":"instock","14":"shipping-taxable","15":"product-type-simple"},"jetpack_sharing_enabled":true,"_links":{"self":[{"href":"https:\/\/edyka.org\/en\/wp-json\/wp\/v2\/product\/48080","targetHints":{"allow":["GET"]}}],"collection":[{"href":"https:\/\/edyka.org\/en\/wp-json\/wp\/v2\/product"}],"about":[{"href":"https:\/\/edyka.org\/en\/wp-json\/wp\/v2\/types\/product"}],"wp:featuredmedia":[{"embeddable":true,"href":"https:\/\/edyka.org\/en\/wp-json\/wp\/v2\/media\/37654"}],"wp:attachment":[{"href":"https:\/\/edyka.org\/en\/wp-json\/wp\/v2\/media?parent=48080"}],"wp:term":[{"taxonomy":"product_brand","embeddable":true,"href":"https:\/\/edyka.org\/en\/wp-json\/wp\/v2\/product_brand?post=48080"},{"taxonomy":"product_cat","embeddable":true,"href":"https:\/\/edyka.org\/en\/wp-json\/wp\/v2\/product_cat?post=48080"},{"taxonomy":"product_tag","embeddable":true,"href":"https:\/\/edyka.org\/en\/wp-json\/wp\/v2\/product_tag?post=48080"}],"curies":[{"name":"wp","href":"https:\/\/api.w.org\/{rel}","templated":true}]}}