{"id":48078,"date":"2025-07-22T10:32:21","date_gmt":"2025-07-22T14:32:21","guid":{"rendered":"https:\/\/edyka.org\/produit\/les-fondamentaux-de-canope\/"},"modified":"2025-07-22T10:32:21","modified_gmt":"2025-07-22T14:32:21","slug":"les-fondamentaux-de-canope","status":"publish","type":"product","link":"https:\/\/edyka.org\/en\/produit\/les-fondamentaux-de-canope\/","title":{"rendered":"Les fondamentaux de Canop\u00e9"},"content":{"rendered":"<p><a href=\"https:\/\/www.reseau-canope.fr\/lesfondamentaux\/accueil.html\" rel=\"nofollow\">https:\/\/www.reseau-canope.fr\/lesfondamentaux\/accueil.html<\/a><\/p>\n","protected":false},"excerpt":{"rendered":"<p>Histoire de rire, sourire, voire r\u00e9fl\u00e9chir mais surtout de lire (sans faire expr\u00e8s) !<\/p>\n","protected":false},"featured_media":37654,"template":"","meta":[],"product_brand":[],"product_cat":[1081,1074,1114,1102],"product_tag":[1120],"class_list":{"0":"post-48078","1":"product","2":"type-product","3":"status-publish","4":"has-post-thumbnail","6":"product_cat-french","7":"product_cat-interactive","8":"product_cat-practical","9":"product_cat-tools","10":"product_tag-teachers","12":"first","13":"instock","14":"shipping-taxable","15":"product-type-simple"},"jetpack_sharing_enabled":true,"_links":{"self":[{"href":"https:\/\/edyka.org\/en\/wp-json\/wp\/v2\/product\/48078","targetHints":{"allow":["GET"]}}],"collection":[{"href":"https:\/\/edyka.org\/en\/wp-json\/wp\/v2\/product"}],"about":[{"href":"https:\/\/edyka.org\/en\/wp-json\/wp\/v2\/types\/product"}],"wp:featuredmedia":[{"embeddable":true,"href":"https:\/\/edyka.org\/en\/wp-json\/wp\/v2\/media\/37654"}],"wp:attachment":[{"href":"https:\/\/edyka.org\/en\/wp-json\/wp\/v2\/media?parent=48078"}],"wp:term":[{"taxonomy":"product_brand","embeddable":true,"href":"https:\/\/edyka.org\/en\/wp-json\/wp\/v2\/product_brand?post=48078"},{"taxonomy":"product_cat","embeddable":true,"href":"https:\/\/edyka.org\/en\/wp-json\/wp\/v2\/product_cat?post=48078"},{"taxonomy":"product_tag","embeddable":true,"href":"https:\/\/edyka.org\/en\/wp-json\/wp\/v2\/product_tag?post=48078"}],"curies":[{"name":"wp","href":"https:\/\/api.w.org\/{rel}","templated":true}]}}