{"id":48075,"date":"2025-07-22T10:32:35","date_gmt":"2025-07-22T14:32:35","guid":{"rendered":"https:\/\/edyka.org\/produit\/la-methode-des-5s\/"},"modified":"2025-07-22T10:32:35","modified_gmt":"2025-07-22T14:32:35","slug":"la-methode-des-5s","status":"publish","type":"product","link":"https:\/\/edyka.org\/en\/produit\/la-methode-des-5s\/","title":{"rendered":"La m\u00e9thode des 5S"},"content":{"rendered":"<p><a href=\"https:\/\/www.tout-en-ordre.fr\/articles\/appliquer-le-5s\" rel=\"nofollow\">https:\/\/www.tout-en-ordre.fr\/articles\/appliquer-le-5s<\/a><\/p>\n","protected":false},"excerpt":{"rendered":"<p>La m\u00e9thode 5S est compos\u00e9e de 5 \u00e9tapes donc chacune est le r\u00e9sum\u00e9 d\u2019un mot commen\u00e7ant par la lettre S en japonais : Seiri (\u6574\u7406), Seiton (\u6574\u9813), Seiso (\u6e05\u6383), Seiketsu (\u6e05\u6f54), Shitsuke (\u8ebe). Cette d\u00e9marche est parfois traduite en fran\u00e7ais par le mot ORDRE qui signifie Ordonner, Ranger, D\u00e9poussi\u00e9rer ou D\u00e9couvrir des anomalies, Rendre \u00e9vident, \u00catre rigoureux.<\/p>\n","protected":false},"featured_media":37676,"template":"","meta":[],"product_brand":[],"product_cat":[1081,1074,1109,1114],"product_tag":[],"class_list":{"0":"post-48075","1":"product","2":"type-product","3":"status-publish","4":"has-post-thumbnail","6":"product_cat-french","7":"product_cat-interactive","8":"product_cat-organization-en","9":"product_cat-practical","11":"first","12":"instock","13":"shipping-taxable","14":"product-type-simple"},"jetpack_sharing_enabled":true,"_links":{"self":[{"href":"https:\/\/edyka.org\/en\/wp-json\/wp\/v2\/product\/48075","targetHints":{"allow":["GET"]}}],"collection":[{"href":"https:\/\/edyka.org\/en\/wp-json\/wp\/v2\/product"}],"about":[{"href":"https:\/\/edyka.org\/en\/wp-json\/wp\/v2\/types\/product"}],"wp:featuredmedia":[{"embeddable":true,"href":"https:\/\/edyka.org\/en\/wp-json\/wp\/v2\/media\/37676"}],"wp:attachment":[{"href":"https:\/\/edyka.org\/en\/wp-json\/wp\/v2\/media?parent=48075"}],"wp:term":[{"taxonomy":"product_brand","embeddable":true,"href":"https:\/\/edyka.org\/en\/wp-json\/wp\/v2\/product_brand?post=48075"},{"taxonomy":"product_cat","embeddable":true,"href":"https:\/\/edyka.org\/en\/wp-json\/wp\/v2\/product_cat?post=48075"},{"taxonomy":"product_tag","embeddable":true,"href":"https:\/\/edyka.org\/en\/wp-json\/wp\/v2\/product_tag?post=48075"}],"curies":[{"name":"wp","href":"https:\/\/api.w.org\/{rel}","templated":true}]}}