{"id":48066,"date":"2025-07-22T10:32:38","date_gmt":"2025-07-22T14:32:38","guid":{"rendered":"https:\/\/edyka.org\/produit\/colibri-lami-des-dys\/"},"modified":"2025-07-22T10:32:38","modified_gmt":"2025-07-22T14:32:38","slug":"colibri-lami-des-dys","status":"publish","type":"product","link":"https:\/\/edyka.org\/en\/produit\/colibri-lami-des-dys\/","title":{"rendered":"Colibri L\u2019ami des Dys"},"content":{"rendered":"<p><a href=\"https:\/\/www.leslibraires.ca\/collection\/Colibri.%20Niveau%204?srsltid=AfmBOoqu1iA5Sn6DTOCmvMssiyh1DlL4J_p7grJHmcf8Zaz483mKYT6q\" rel=\"nofollow\">https:\/\/www.leslibraires.ca\/collection\/Colibri.%20Niveau%204?srsltid=AfmBOoqu1iA5Sn6DTOCmvMssiyh1DlL4J_p7grJHmcf8Zaz483mKYT6q<\/a><\/p>\n","protected":false},"excerpt":{"rendered":"<p>Une collection adapt\u00e9e \u00e0 la dyslexie La collection Colibri, cr\u00e9\u00e9e par Belin Education, propose aux enfants dyslexiques des Livre adapt\u00e9s \u00e0 leur handicap. Ces supports imprim\u00e9s sur du papier blanc cass\u00e9 permet de r\u00e9duire la fatigue visuelle. Ces Livre aident les enfants \u00e0 appr\u00e9hender plus facilement la lecture. De vraies histoires leurs sont propos\u00e9es pour leur donner le go\u00fbt de lire.\u00a0<\/p>\n","protected":false},"featured_media":34930,"template":"","meta":[],"product_brand":[],"product_cat":[1115,1081,1097,1077],"product_tag":[],"class_list":{"0":"post-48066","1":"product","2":"type-product","3":"status-publish","4":"has-post-thumbnail","6":"product_cat-educational","7":"product_cat-french","8":"product_cat-learning","9":"product_cat-text","11":"first","12":"instock","13":"shipping-taxable","14":"product-type-simple"},"jetpack_sharing_enabled":true,"_links":{"self":[{"href":"https:\/\/edyka.org\/en\/wp-json\/wp\/v2\/product\/48066","targetHints":{"allow":["GET"]}}],"collection":[{"href":"https:\/\/edyka.org\/en\/wp-json\/wp\/v2\/product"}],"about":[{"href":"https:\/\/edyka.org\/en\/wp-json\/wp\/v2\/types\/product"}],"wp:featuredmedia":[{"embeddable":true,"href":"https:\/\/edyka.org\/en\/wp-json\/wp\/v2\/media\/34930"}],"wp:attachment":[{"href":"https:\/\/edyka.org\/en\/wp-json\/wp\/v2\/media?parent=48066"}],"wp:term":[{"taxonomy":"product_brand","embeddable":true,"href":"https:\/\/edyka.org\/en\/wp-json\/wp\/v2\/product_brand?post=48066"},{"taxonomy":"product_cat","embeddable":true,"href":"https:\/\/edyka.org\/en\/wp-json\/wp\/v2\/product_cat?post=48066"},{"taxonomy":"product_tag","embeddable":true,"href":"https:\/\/edyka.org\/en\/wp-json\/wp\/v2\/product_tag?post=48066"}],"curies":[{"name":"wp","href":"https:\/\/api.w.org\/{rel}","templated":true}]}}