{"id":48054,"date":"2025-07-22T10:32:47","date_gmt":"2025-07-22T14:32:47","guid":{"rendered":"https:\/\/edyka.org\/produit\/la-sorciere-sans-nom\/"},"modified":"2025-07-22T10:32:47","modified_gmt":"2025-07-22T14:32:47","slug":"la-sorciere-sans-nom","status":"publish","type":"product","link":"https:\/\/edyka.org\/en\/produit\/la-sorciere-sans-nom\/","title":{"rendered":"La sorci\u00e8re sans nom"},"content":{"rendered":"<p><a href=\"https:\/\/apps.apple.com\/fr\/app\/la-sorci%C3%A8re-sans-nom\/id531052277\" rel=\"nofollow\">https:\/\/apps.apple.com\/fr\/app\/la-sorci%C3%A8re-sans-nom\/id531052277<\/a><\/p>\n","protected":false},"excerpt":{"rendered":"<p>Livre application avec animations et jeux \u00e0 chaque page. Options disponibles: \u00c9couter l&#8217;histoire ou Lire moi-m\u00eame Plusieurs Livre disponibles dans la collection SlimCricket<\/p>\n","protected":false},"featured_media":37654,"template":"","meta":[],"product_brand":[],"product_cat":[1115,1081,1074,1097,1113],"product_tag":[],"class_list":{"0":"post-48054","1":"product","2":"type-product","3":"status-publish","4":"has-post-thumbnail","6":"product_cat-educational","7":"product_cat-french","8":"product_cat-interactive","9":"product_cat-learning","10":"product_cat-youth","12":"first","13":"instock","14":"shipping-taxable","15":"product-type-simple"},"jetpack_sharing_enabled":true,"_links":{"self":[{"href":"https:\/\/edyka.org\/en\/wp-json\/wp\/v2\/product\/48054","targetHints":{"allow":["GET"]}}],"collection":[{"href":"https:\/\/edyka.org\/en\/wp-json\/wp\/v2\/product"}],"about":[{"href":"https:\/\/edyka.org\/en\/wp-json\/wp\/v2\/types\/product"}],"wp:featuredmedia":[{"embeddable":true,"href":"https:\/\/edyka.org\/en\/wp-json\/wp\/v2\/media\/37654"}],"wp:attachment":[{"href":"https:\/\/edyka.org\/en\/wp-json\/wp\/v2\/media?parent=48054"}],"wp:term":[{"taxonomy":"product_brand","embeddable":true,"href":"https:\/\/edyka.org\/en\/wp-json\/wp\/v2\/product_brand?post=48054"},{"taxonomy":"product_cat","embeddable":true,"href":"https:\/\/edyka.org\/en\/wp-json\/wp\/v2\/product_cat?post=48054"},{"taxonomy":"product_tag","embeddable":true,"href":"https:\/\/edyka.org\/en\/wp-json\/wp\/v2\/product_tag?post=48054"}],"curies":[{"name":"wp","href":"https:\/\/api.w.org\/{rel}","templated":true}]}}