{"id":48053,"date":"2025-07-22T10:32:47","date_gmt":"2025-07-22T14:32:47","guid":{"rendered":"https:\/\/edyka.org\/produit\/math-fight\/"},"modified":"2025-07-22T10:32:47","modified_gmt":"2025-07-22T14:32:47","slug":"math-fight","status":"publish","type":"product","link":"https:\/\/edyka.org\/en\/produit\/math-fight\/","title":{"rendered":"Math Fight"},"content":{"rendered":"<p><a href=\"https:\/\/play.google.com\/store\/apps\/details?id=com.cbinternational.countfight&#038;hl=fr&#038;gl=US\" rel=\"nofollow\">https:\/\/play.google.com\/store\/apps\/details?id=com.cbinternational.countfight&#038;hl=fr&#038;gl=US<\/a><\/p>\n","protected":false},"excerpt":{"rendered":"<p>Duel math\u00e9matique pour r\u00e9viser les 4 op\u00e9rations<\/p>\n","protected":false},"featured_media":37666,"template":"","meta":[],"product_brand":[],"product_cat":[1115,1080,1074,1097],"product_tag":[],"class_list":{"0":"post-48053","1":"product","2":"type-product","3":"status-publish","4":"has-post-thumbnail","6":"product_cat-educational","7":"product_cat-english","8":"product_cat-interactive","9":"product_cat-learning","11":"first","12":"instock","13":"shipping-taxable","14":"product-type-simple"},"jetpack_sharing_enabled":true,"_links":{"self":[{"href":"https:\/\/edyka.org\/en\/wp-json\/wp\/v2\/product\/48053","targetHints":{"allow":["GET"]}}],"collection":[{"href":"https:\/\/edyka.org\/en\/wp-json\/wp\/v2\/product"}],"about":[{"href":"https:\/\/edyka.org\/en\/wp-json\/wp\/v2\/types\/product"}],"wp:featuredmedia":[{"embeddable":true,"href":"https:\/\/edyka.org\/en\/wp-json\/wp\/v2\/media\/37666"}],"wp:attachment":[{"href":"https:\/\/edyka.org\/en\/wp-json\/wp\/v2\/media?parent=48053"}],"wp:term":[{"taxonomy":"product_brand","embeddable":true,"href":"https:\/\/edyka.org\/en\/wp-json\/wp\/v2\/product_brand?post=48053"},{"taxonomy":"product_cat","embeddable":true,"href":"https:\/\/edyka.org\/en\/wp-json\/wp\/v2\/product_cat?post=48053"},{"taxonomy":"product_tag","embeddable":true,"href":"https:\/\/edyka.org\/en\/wp-json\/wp\/v2\/product_tag?post=48053"}],"curies":[{"name":"wp","href":"https:\/\/api.w.org\/{rel}","templated":true}]}}