{"id":48052,"date":"2025-07-22T10:32:47","date_gmt":"2025-07-22T14:32:47","guid":{"rendered":"https:\/\/edyka.org\/produit\/tablette-graphique-huion-h420\/"},"modified":"2025-07-22T10:32:47","modified_gmt":"2025-07-22T14:32:47","slug":"tablette-graphique-huion-h420","status":"publish","type":"product","link":"https:\/\/edyka.org\/en\/produit\/tablette-graphique-huion-h420\/","title":{"rendered":"Tablette graphique Huion H420"},"content":{"rendered":"<p><a href=\"https:\/\/store.huion.com\/products\/huion-h420?srsltid=AfmBOoo7rSq_ZumO3UOOrFycpIql4e61809gwfGM8sDJSvQkZ7f7rmbC\" rel=\"nofollow\">https:\/\/store.huion.com\/products\/huion-h420?srsltid=AfmBOoo7rSq_ZumO3UOOrFycpIql4e61809gwfGM8sDJSvQkZ7f7rmbC<\/a><\/p>\n","protected":false},"excerpt":{"rendered":"<p>La tablette graphique Huion H420 est une option abordable et conviviale pour les enfants. Elle offre une surface de dessin sensible \u00e0 la pression et une pr\u00e9cision accrue, ce qui la rend adapt\u00e9e \u00e0 l&#8217;apprentissage de l&#8217;\u00e9criture.\u00a0<\/p>\n","protected":false},"featured_media":37662,"template":"","meta":[],"product_brand":[],"product_cat":[1080,1074,1100,1114],"product_tag":[],"class_list":{"0":"post-48052","1":"product","2":"type-product","3":"status-publish","4":"has-post-thumbnail","6":"product_cat-english","7":"product_cat-interactive","8":"product_cat-motor-coordination","9":"product_cat-practical","11":"first","12":"instock","13":"shipping-taxable","14":"product-type-simple"},"jetpack_sharing_enabled":true,"_links":{"self":[{"href":"https:\/\/edyka.org\/en\/wp-json\/wp\/v2\/product\/48052","targetHints":{"allow":["GET"]}}],"collection":[{"href":"https:\/\/edyka.org\/en\/wp-json\/wp\/v2\/product"}],"about":[{"href":"https:\/\/edyka.org\/en\/wp-json\/wp\/v2\/types\/product"}],"wp:featuredmedia":[{"embeddable":true,"href":"https:\/\/edyka.org\/en\/wp-json\/wp\/v2\/media\/37662"}],"wp:attachment":[{"href":"https:\/\/edyka.org\/en\/wp-json\/wp\/v2\/media?parent=48052"}],"wp:term":[{"taxonomy":"product_brand","embeddable":true,"href":"https:\/\/edyka.org\/en\/wp-json\/wp\/v2\/product_brand?post=48052"},{"taxonomy":"product_cat","embeddable":true,"href":"https:\/\/edyka.org\/en\/wp-json\/wp\/v2\/product_cat?post=48052"},{"taxonomy":"product_tag","embeddable":true,"href":"https:\/\/edyka.org\/en\/wp-json\/wp\/v2\/product_tag?post=48052"}],"curies":[{"name":"wp","href":"https:\/\/api.w.org\/{rel}","templated":true}]}}