{"id":48047,"date":"2025-07-22T10:33:06","date_gmt":"2025-07-22T14:33:06","guid":{"rendered":"https:\/\/edyka.org\/produit\/les-maths-cest-magique\/"},"modified":"2025-07-22T10:33:06","modified_gmt":"2025-07-22T14:33:06","slug":"les-maths-cest-magique","status":"publish","type":"product","link":"https:\/\/edyka.org\/en\/produit\/les-maths-cest-magique\/","title":{"rendered":"Les maths c\u2019est magique !"},"content":{"rendered":"<p><a href=\"https:\/\/www.babelio.com\/livres\/Ball-Les-maths-cest-magique-\/128423\" rel=\"nofollow\">https:\/\/www.babelio.com\/livres\/Ball-Les-maths-cest-magique-\/128423<\/a><\/p>\n","protected":false},"excerpt":{"rendered":"<p>Mais comment \u00e7a marche ? Pour plonger dans cet univers \u00e9tonnant, ce livre explique les origines du calcul et explore tous les aspects des maths avec des \u00e9nigmes, des jeux, et m\u00eame de la magie&#8230;\u00a0<\/p>\n","protected":false},"featured_media":37660,"template":"","meta":[],"product_brand":[],"product_cat":[1101,1081,1083,1077,1113],"product_tag":[],"class_list":{"0":"post-48047","1":"product","2":"type-product","3":"status-publish","4":"has-post-thumbnail","6":"product_cat-enrichment","7":"product_cat-french","8":"product_cat-giftedness","9":"product_cat-text","10":"product_cat-youth","12":"first","13":"instock","14":"shipping-taxable","15":"product-type-simple"},"jetpack_sharing_enabled":true,"_links":{"self":[{"href":"https:\/\/edyka.org\/en\/wp-json\/wp\/v2\/product\/48047","targetHints":{"allow":["GET"]}}],"collection":[{"href":"https:\/\/edyka.org\/en\/wp-json\/wp\/v2\/product"}],"about":[{"href":"https:\/\/edyka.org\/en\/wp-json\/wp\/v2\/types\/product"}],"wp:featuredmedia":[{"embeddable":true,"href":"https:\/\/edyka.org\/en\/wp-json\/wp\/v2\/media\/37660"}],"wp:attachment":[{"href":"https:\/\/edyka.org\/en\/wp-json\/wp\/v2\/media?parent=48047"}],"wp:term":[{"taxonomy":"product_brand","embeddable":true,"href":"https:\/\/edyka.org\/en\/wp-json\/wp\/v2\/product_brand?post=48047"},{"taxonomy":"product_cat","embeddable":true,"href":"https:\/\/edyka.org\/en\/wp-json\/wp\/v2\/product_cat?post=48047"},{"taxonomy":"product_tag","embeddable":true,"href":"https:\/\/edyka.org\/en\/wp-json\/wp\/v2\/product_tag?post=48047"}],"curies":[{"name":"wp","href":"https:\/\/api.w.org\/{rel}","templated":true}]}}