{"id":48046,"date":"2025-07-22T10:33:06","date_gmt":"2025-07-22T14:33:06","guid":{"rendered":"https:\/\/edyka.org\/produit\/comic-life\/"},"modified":"2025-07-22T10:33:06","modified_gmt":"2025-07-22T14:33:06","slug":"comic-life","status":"publish","type":"product","link":"https:\/\/edyka.org\/en\/produit\/comic-life\/","title":{"rendered":"Comic Life"},"content":{"rendered":"<p><a href=\"https:\/\/apps.apple.com\/fr\/app\/comic-life-3\/id891378056\" rel=\"nofollow\">https:\/\/apps.apple.com\/fr\/app\/comic-life-3\/id891378056<\/a><\/p>\n","protected":false},"excerpt":{"rendered":"<p>Cr\u00e9er une bande dessin\u00e9e. Application de cr\u00e9ation<\/p>\n","protected":false},"featured_media":36980,"template":"","meta":[],"product_brand":[],"product_cat":[1080,1074,1114,1102],"product_tag":[1120],"class_list":{"0":"post-48046","1":"product","2":"type-product","3":"status-publish","4":"has-post-thumbnail","6":"product_cat-english","7":"product_cat-interactive","8":"product_cat-practical","9":"product_cat-tools","10":"product_tag-teachers","12":"first","13":"instock","14":"shipping-taxable","15":"product-type-simple"},"jetpack_sharing_enabled":true,"_links":{"self":[{"href":"https:\/\/edyka.org\/en\/wp-json\/wp\/v2\/product\/48046","targetHints":{"allow":["GET"]}}],"collection":[{"href":"https:\/\/edyka.org\/en\/wp-json\/wp\/v2\/product"}],"about":[{"href":"https:\/\/edyka.org\/en\/wp-json\/wp\/v2\/types\/product"}],"wp:featuredmedia":[{"embeddable":true,"href":"https:\/\/edyka.org\/en\/wp-json\/wp\/v2\/media\/36980"}],"wp:attachment":[{"href":"https:\/\/edyka.org\/en\/wp-json\/wp\/v2\/media?parent=48046"}],"wp:term":[{"taxonomy":"product_brand","embeddable":true,"href":"https:\/\/edyka.org\/en\/wp-json\/wp\/v2\/product_brand?post=48046"},{"taxonomy":"product_cat","embeddable":true,"href":"https:\/\/edyka.org\/en\/wp-json\/wp\/v2\/product_cat?post=48046"},{"taxonomy":"product_tag","embeddable":true,"href":"https:\/\/edyka.org\/en\/wp-json\/wp\/v2\/product_tag?post=48046"}],"curies":[{"name":"wp","href":"https:\/\/api.w.org\/{rel}","templated":true}]}}